{"id":567,"date":"2023-03-21T19:05:33","date_gmt":"2023-03-21T18:05:33","guid":{"rendered":"https:\/\/azynox.com\/acier-inoxydable\/"},"modified":"2024-08-27T16:13:29","modified_gmt":"2024-08-27T14:13:29","slug":"acier-inoxydable","status":"publish","type":"page","link":"https:\/\/azynox.com\/en\/","title":{"rendered":"Stainless steel"},"content":{"rendered":"<p>[et_pb_section fb_built=&#8221;1&#8243; _builder_version=&#8221;4.20.2&#8243; _module_preset=&#8221;default&#8221; background_color=&#8221;#231f20&#8243; custom_padding=&#8221;30px||30px||true|false&#8221; global_colors_info=&#8221;{}&#8221;][et_pb_row _builder_version=&#8221;4.20.2&#8243; _module_preset=&#8221;default&#8221; global_colors_info=&#8221;{}&#8221;][et_pb_column type=&#8221;4_4&#8243; _builder_version=&#8221;4.20.2&#8243; _module_preset=&#8221;default&#8221; global_colors_info=&#8221;{}&#8221;][et_pb_image src=&#8221;https:\/\/azynox.com\/wp-content\/uploads\/2023\/03\/azynox-logo-2.png&#8221; alt=&#8221;Azynox, sp\u00e9cialiste ind\u00e9pendant en d\u00e9roulage et polissage de produits plats en acier inoxydable&#8221; _builder_version=&#8221;4.20.2&#8243; _module_preset=&#8221;default&#8221; width=&#8221;85%&#8221; module_alignment=&#8221;center&#8221; global_colors_info=&#8221;{}&#8221;][\/et_pb_image][\/et_pb_column][\/et_pb_row][\/et_pb_section][et_pb_section fb_built=&#8221;1&#8243; _builder_version=&#8221;4.20.2&#8243; _module_preset=&#8221;default&#8221; custom_padding=&#8221;15px||15px||true|false&#8221; global_colors_info=&#8221;{}&#8221;][et_pb_row _builder_version=&#8221;4.20.2&#8243; _module_preset=&#8221;default&#8221; global_colors_info=&#8221;{}&#8221;][et_pb_column type=&#8221;4_4&#8243; _builder_version=&#8221;4.20.2&#8243; _module_preset=&#8221;default&#8221; global_colors_info=&#8221;{}&#8221;][et_pb_text _builder_version=&#8221;4.20.2&#8243; _module_preset=&#8221;default&#8221; header_font=&#8221;|600|||||||&#8221; header_text_align=&#8221;center&#8221; header_font_size=&#8221;43px&#8221; header_line_height=&#8221;1.2em&#8221; width=&#8221;91%&#8221; module_alignment=&#8221;center&#8221; animation_style=&#8221;slide&#8221; animation_direction=&#8221;bottom&#8221; animation_intensity_slide=&#8221;20%&#8221; header_font_size_tablet=&#8221;48px&#8221; header_font_size_phone=&#8221;31px&#8221; header_font_size_last_edited=&#8221;on|phone&#8221; global_colors_info=&#8221;{}&#8221;]<\/p>\n<h1><span lang=\"en\">French Independent specialist in cutting to length, grinding, brushing and polishing flat stainless steel products<\/span><\/h1>\n<p>[\/et_pb_text][\/et_pb_column][\/et_pb_row][\/et_pb_section][et_pb_section fb_built=&#8221;1&#8243; admin_label=&#8221;Gallery Section&#8221; _builder_version=&#8221;4.20.2&#8243; background_color=&#8221;#ffffff&#8221; background_enable_image=&#8221;off&#8221; background_size=&#8221;initial&#8221; background_position=&#8221;top_left&#8221; background_repeat=&#8221;repeat&#8221; custom_margin=&#8221;||||false|false&#8221; custom_padding=&#8221;0px||0px||false|false&#8221; global_colors_info=&#8221;{}&#8221;][et_pb_row column_structure=&#8221;1_3,1_3,1_3&#8243; use_custom_gutter=&#8221;on&#8221; gutter_width=&#8221;2&#8243; _builder_version=&#8221;4.20.2&#8243; _module_preset=&#8221;default&#8221; background_color=&#8221;#FFFFFF&#8221; custom_margin=&#8221;||||false|false&#8221; custom_padding=&#8221;0px|20px||20px|false|true&#8221; global_colors_info=&#8221;{}&#8221;][et_pb_column type=&#8221;1_3&#8243; _builder_version=&#8221;4.20.2&#8243; _module_preset=&#8221;default&#8221; global_colors_info=&#8221;{}&#8221;][et_pb_image src=&#8221;https:\/\/azynox.com\/wp-content\/uploads\/2023\/03\/azynox-batiment.jpg&#8221; alt=&#8221;Azynox, p\u00e9cialiste ind\u00e9pendant en d\u00e9roulage et polissage de produits plats en acier inoxydable, b\u00e2timent&#8221; url=&#8221;@ET-DC@eyJkeW5hbWljIjp0cnVlLCJjb250ZW50IjoicG9zdF9saW5rX3VybF9wYWdlIiwic2V0dGluZ3MiOnsicG9zdF9pZCI6Ijc3In19@&#8221; use_overlay=&#8221;on&#8221; overlay_icon_color=&#8221;#97BF0D&#8221; hover_overlay_color=&#8221;rgba(39,40,39,0.6)&#8221; hover_icon=&#8221;&#xe04a;||divi||400&#8243; _builder_version=&#8221;4.20.2&#8243; _dynamic_attributes=&#8221;url&#8221; _module_preset=&#8221;default&#8221; custom_margin=&#8221;||5px||false|false&#8221; global_colors_info=&#8221;{}&#8221;][\/et_pb_image][et_pb_cta button_url=&#8221;@ET-DC@eyJkeW5hbWljIjp0cnVlLCJjb250ZW50IjoicG9zdF9saW5rX3VybF9wYWdlIiwic2V0dGluZ3MiOnsicG9zdF9pZCI6Ijc3In19@&#8221; button_text=&#8221;Who are we?&#8221; _builder_version=&#8221;4.20.2&#8243; _dynamic_attributes=&#8221;button_url&#8221; _module_preset=&#8221;default&#8221; background_color=&#8221;#97BF0D&#8221; custom_button=&#8221;on&#8221; button_text_size=&#8221;30px&#8221; button_text_color=&#8221;#0F0D0D&#8221; button_letter_spacing=&#8221;-1px&#8221; button_icon=&#8221;&#x39;||divi||400&#8243; button_icon_color=&#8221;#0F0D0D&#8221; button_on_hover=&#8221;off&#8221; button_custom_padding=&#8221;|0px||0px|false|true&#8221; custom_padding=&#8221;0px|22px|0px|1px|false|false&#8221; button_text_size_tablet=&#8221;30px&#8221; button_text_size_phone=&#8221;21px&#8221; button_text_size_last_edited=&#8221;on|desktop&#8221; custom_css_promo_description=&#8221;display:none;&#8221; global_colors_info=&#8221;{}&#8221; button_icon_color__hover_enabled=&#8221;on|hover&#8221; button_icon_color__hover=&#8221;#FFFFFF&#8221; button_text_color__hover_enabled=&#8221;on|hover&#8221; button_text_color__hover=&#8221;#FFFFFF&#8221;][\/et_pb_cta][et_pb_text _builder_version=&#8221;4.20.2&#8243; _module_preset=&#8221;default&#8221; text_font_size=&#8221;20px&#8221; text_line_height=&#8221;1.5em&#8221; global_colors_info=&#8221;{}&#8221;]<\/p>\n<p><span lang=\"en\">Created in 1958, Azynox is an independent company based in Touraine<\/span>\u2026<\/p>\n<p>[\/et_pb_text][\/et_pb_column][et_pb_column type=&#8221;1_3&#8243; _builder_version=&#8221;4.20.2&#8243; _module_preset=&#8221;default&#8221; global_colors_info=&#8221;{}&#8221;][et_pb_image src=&#8221;https:\/\/azynox.com\/wp-content\/uploads\/2023\/03\/azynox-bureaux.jpg&#8221; alt=&#8221;azynox-bureaux&#8221; url=&#8221;@ET-DC@eyJkeW5hbWljIjp0cnVlLCJjb250ZW50IjoicG9zdF9saW5rX3VybF9wYWdlIiwic2V0dGluZ3MiOnsicG9zdF9pZCI6IjEyNyJ9fQ==@&#8221; use_overlay=&#8221;on&#8221; overlay_icon_color=&#8221;#97BF0D&#8221; hover_overlay_color=&#8221;rgba(39,40,39,0.6)&#8221; hover_icon=&#8221;&#xe04a;||divi||400&#8243; _builder_version=&#8221;4.20.2&#8243; _dynamic_attributes=&#8221;url&#8221; _module_preset=&#8221;default&#8221; custom_margin=&#8221;||5px||false|false&#8221; global_colors_info=&#8221;{}&#8221;][\/et_pb_image][et_pb_cta button_url=&#8221;@ET-DC@eyJkeW5hbWljIjp0cnVlLCJjb250ZW50IjoicG9zdF9saW5rX3VybF9wYWdlIiwic2V0dGluZ3MiOnsicG9zdF9pZCI6IjEyNyJ9fQ==@&#8221; button_text=&#8221;At your service&#8221; _builder_version=&#8221;4.20.2&#8243; _dynamic_attributes=&#8221;button_url&#8221; _module_preset=&#8221;default&#8221; background_color=&#8221;#97BF0D&#8221; custom_button=&#8221;on&#8221; button_text_size=&#8221;30px&#8221; button_text_color=&#8221;#0F0D0D&#8221; button_icon=&#8221;&#x39;||divi||400&#8243; button_icon_color=&#8221;#0F0D0D&#8221; button_on_hover=&#8221;off&#8221; custom_padding=&#8221;0px|1px|0px|1px|false|true&#8221; button_text_size_tablet=&#8221;30px&#8221; button_text_size_phone=&#8221;21px&#8221; button_text_size_last_edited=&#8221;on|desktop&#8221; custom_css_promo_description=&#8221;display:none;&#8221; global_colors_info=&#8221;{}&#8221; button_icon_color__hover_enabled=&#8221;on|hover&#8221; button_icon_color__hover=&#8221;#FFFFFF&#8221; button_text_color__hover_enabled=&#8221;on|hover&#8221; button_text_color__hover=&#8221;#FFFFFF&#8221;][\/et_pb_cta][et_pb_text _builder_version=&#8221;4.20.2&#8243; _module_preset=&#8221;default&#8221; text_font_size=&#8221;20px&#8221; text_line_height=&#8221;1.5em&#8221; global_colors_info=&#8221;{}&#8221;]<\/p>\n<p><span lang=\"en\">A versatile team is at your disposal to ensure through our three brands<\/span>\u2026<\/p>\n<p>[\/et_pb_text][\/et_pb_column][et_pb_column type=&#8221;1_3&#8243; _builder_version=&#8221;4.20.2&#8243; _module_preset=&#8221;default&#8221; global_colors_info=&#8221;{}&#8221;][et_pb_image src=&#8221;https:\/\/azynox.com\/wp-content\/uploads\/2023\/03\/polissage-inox.jpg&#8221; alt=&#8221;polissage-inox&#8221; url=&#8221;@ET-DC@eyJkeW5hbWljIjp0cnVlLCJjb250ZW50IjoicG9zdF9saW5rX3VybF9wYWdlIiwic2V0dGluZ3MiOnsicG9zdF9pZCI6IjE0NSJ9fQ==@&#8221; use_overlay=&#8221;on&#8221; overlay_icon_color=&#8221;#97BF0D&#8221; hover_overlay_color=&#8221;rgba(39,40,39,0.6)&#8221; hover_icon=&#8221;&#xe04a;||divi||400&#8243; _builder_version=&#8221;4.20.2&#8243; _dynamic_attributes=&#8221;url&#8221; _module_preset=&#8221;default&#8221; custom_margin=&#8221;||5px||false|false&#8221; global_colors_info=&#8221;{}&#8221;][\/et_pb_image][et_pb_cta button_url=&#8221;@ET-DC@eyJkeW5hbWljIjp0cnVlLCJjb250ZW50IjoicG9zdF9saW5rX3VybF9wYWdlIiwic2V0dGluZ3MiOnsicG9zdF9pZCI6IjE0NSJ9fQ==@&#8221; button_text=&#8221;Our tools&#8221; _builder_version=&#8221;4.20.2&#8243; _dynamic_attributes=&#8221;button_url&#8221; _module_preset=&#8221;default&#8221; background_color=&#8221;#97BF0D&#8221; custom_button=&#8221;on&#8221; button_text_size=&#8221;30px&#8221; button_text_color=&#8221;#0F0D0D&#8221; button_icon=&#8221;&#x39;||divi||400&#8243; button_icon_color=&#8221;#0F0D0D&#8221; button_on_hover=&#8221;off&#8221; custom_padding=&#8221;0px|1px|0px|1px|false|true&#8221; button_text_size_tablet=&#8221;30px&#8221; button_text_size_phone=&#8221;21px&#8221; button_text_size_last_edited=&#8221;on|desktop&#8221; custom_css_promo_description=&#8221;display:none;&#8221; global_colors_info=&#8221;{}&#8221; button_icon_color__hover_enabled=&#8221;on|hover&#8221; button_icon_color__hover=&#8221;#FFFFFF&#8221; button_text_color__hover_enabled=&#8221;on|hover&#8221; button_text_color__hover=&#8221;#FFFFFF&#8221;][\/et_pb_cta][et_pb_text _builder_version=&#8221;4.20.2&#8243; _module_preset=&#8221;default&#8221; text_font_size=&#8221;20px&#8221; text_line_height=&#8221;1.5em&#8221; global_colors_info=&#8221;{}&#8221;]<\/p>\n<p><span lang=\"en\">Discover our cutting to length, grinding, brushing, polishing and protection capabilities<\/span>\u2026<\/p>\n<p>[\/et_pb_text][\/et_pb_column][\/et_pb_row][\/et_pb_section][et_pb_section fb_built=&#8221;1&#8243; _builder_version=&#8221;4.20.4&#8243; background_color=&#8221;#FFFFFF&#8221; custom_padding=&#8221;0px|0px|0px|0px|true|false&#8221; animation_style=&#8221;slide&#8221; animation_direction=&#8221;bottom&#8221; animation_intensity_slide=&#8221;20%&#8221; border_width_top=&#8221;1px&#8221; border_color_top=&#8221;#C9CBCC&#8221; global_module=&#8221;620&#8243; saved_tabs=&#8221;all&#8221; locked=&#8221;on&#8221; global_colors_info=&#8221;{}&#8221;][et_pb_row _builder_version=&#8221;4.20.2&#8243; custom_padding=&#8221;0px||||false|false&#8221; global_colors_info=&#8221;{}&#8221;][et_pb_column type=&#8221;4_4&#8243; _builder_version=&#8221;4.16&#8243; custom_padding=&#8221;|||&#8221; global_colors_info=&#8221;{}&#8221; custom_padding__hover=&#8221;|||&#8221;][et_pb_menu menu_id=&#8221;4&#8243; menu_style=&#8221;centered&#8221; active_link_color=&#8221;#97BF0D&#8221; disabled_on=&#8221;on|on|off&#8221; admin_label=&#8221;Menu desktop&#8221; _builder_version=&#8221;4.20.4&#8243; _module_preset=&#8221;default&#8221; global_colors_info=&#8221;{}&#8221;][\/et_pb_menu][\/et_pb_column][\/et_pb_row][et_pb_row disabled_on=&#8221;off|off|on&#8221; _builder_version=&#8221;4.20.2&#8243; custom_padding=&#8221;0px||||false|false&#8221; global_colors_info=&#8221;{}&#8221;][et_pb_column type=&#8221;4_4&#8243; _builder_version=&#8221;4.16&#8243; custom_padding=&#8221;|||&#8221; global_colors_info=&#8221;{}&#8221; custom_padding__hover=&#8221;|||&#8221;][et_pb_text disabled_on=&#8221;off|off|off&#8221; admin_label=&#8221;Menu tablettes \/ mobiles&#8221; _builder_version=&#8221;4.20.4&#8243; _module_preset=&#8221;default&#8221; link_text_color=&#8221;#76767A&#8221; link_font_size=&#8221;14px&#8221; global_colors_info=&#8221;{}&#8221;]<\/p>\n<p style=\"text-align: center;\"><a href=\"https:\/\/azynox.com\/en\/copyrights\/\">Copyrights<\/a><\/p>\n<p style=\"text-align: center;\"><a href=\"https:\/\/azynox.com\/en\/legal-notice\/\">Legal notice<\/a><\/p>\n<p style=\"text-align: center;\"><a href=\"https:\/\/azynox.com\/en\/privacy-policy\/\">Privacy policy<\/a><\/p>\n<p style=\"text-align: center;\"><a href=\"https:\/\/azynox.com\/en\/contact\/\">Contact<\/a><\/p>\n<p>[\/et_pb_text][\/et_pb_column][\/et_pb_row][\/et_pb_section]<\/p>\n","protected":false},"excerpt":{"rendered":"<p>French Independent specialist in cutting to length, grinding, brushing and polishing flat stainless steel productsCreated in 1958, Azynox is an independent company based in Touraine\u2026A versatile team is at your disposal to ensure through our three brands\u2026Discover our cutting to length, grinding, brushing, polishing and protection capabilities\u2026Copyrights Legal notice Privacy policy Contact<\/p>\n","protected":false},"author":1,"featured_media":0,"parent":0,"menu_order":0,"comment_status":"closed","ping_status":"closed","template":"","meta":{"_et_pb_use_builder":"on","_et_pb_old_content":"","_et_gb_content_width":"","footnotes":""},"class_list":["post-567","page","type-page","status-publish","hentry"],"yoast_head":"<!-- This site is optimized with the Yoast SEO plugin v25.3.1 - https:\/\/yoast.com\/wordpress\/plugins\/seo\/ -->\n<title>Azynox<\/title>\n<meta name=\"description\" content=\"Azynox, French specialist in cutting to length, grinding, brushing and polishing flat stainless steel products, independent company based in Touraine\" \/>\n<meta name=\"robots\" content=\"index, follow, max-snippet:-1, max-image-preview:large, max-video-preview:-1\" \/>\n<link rel=\"canonical\" href=\"https:\/\/azynox.com\/en\/\" \/>\n<meta property=\"og:locale\" content=\"en_US\" \/>\n<meta property=\"og:type\" content=\"article\" \/>\n<meta property=\"og:title\" content=\"Azynox\" \/>\n<meta property=\"og:description\" content=\"Azynox, French specialist in cutting to length, grinding, brushing and polishing flat stainless steel products, independent company based in Touraine\" \/>\n<meta property=\"og:url\" content=\"https:\/\/azynox.com\/en\/\" \/>\n<meta property=\"og:site_name\" content=\"Azynox\" \/>\n<meta property=\"article:modified_time\" content=\"2024-08-27T14:13:29+00:00\" \/>\n<meta name=\"twitter:card\" content=\"summary_large_image\" \/>\n<meta name=\"twitter:label1\" content=\"Est. reading time\" \/>\n\t<meta name=\"twitter:data1\" content=\"2 minutes\" \/>\n<script type=\"application\/ld+json\" class=\"yoast-schema-graph\">{\"@context\":\"https:\/\/schema.org\",\"@graph\":[{\"@type\":\"WebPage\",\"@id\":\"https:\/\/azynox.com\/en\/\",\"url\":\"https:\/\/azynox.com\/en\/\",\"name\":\"Azynox\",\"isPartOf\":{\"@id\":\"https:\/\/azynox.com\/en\/#website\"},\"datePublished\":\"2023-03-21T18:05:33+00:00\",\"dateModified\":\"2024-08-27T14:13:29+00:00\",\"description\":\"Azynox, French specialist in cutting to length, grinding, brushing and polishing flat stainless steel products, independent company based in Touraine\",\"breadcrumb\":{\"@id\":\"https:\/\/azynox.com\/en\/#breadcrumb\"},\"inLanguage\":\"en-US\",\"potentialAction\":[{\"@type\":\"ReadAction\",\"target\":[\"https:\/\/azynox.com\/en\/\"]}]},{\"@type\":\"BreadcrumbList\",\"@id\":\"https:\/\/azynox.com\/en\/#breadcrumb\",\"itemListElement\":[{\"@type\":\"ListItem\",\"position\":1,\"name\":\"Accueil\",\"item\":\"https:\/\/azynox.com\/en\/\"},{\"@type\":\"ListItem\",\"position\":2,\"name\":\"Stainless steel\"}]},{\"@type\":\"WebSite\",\"@id\":\"https:\/\/azynox.com\/en\/#website\",\"url\":\"https:\/\/azynox.com\/en\/\",\"name\":\"Azynox\",\"description\":\"Sp\u00e9cialiste ind\u00e9pendant en d\u00e9roulage et polissage de produits plats en acier inoxydable\",\"publisher\":{\"@id\":\"https:\/\/azynox.com\/en\/#organization\"},\"potentialAction\":[{\"@type\":\"SearchAction\",\"target\":{\"@type\":\"EntryPoint\",\"urlTemplate\":\"https:\/\/azynox.com\/en\/?s={search_term_string}\"},\"query-input\":{\"@type\":\"PropertyValueSpecification\",\"valueRequired\":true,\"valueName\":\"search_term_string\"}}],\"inLanguage\":\"en-US\"},{\"@type\":\"Organization\",\"@id\":\"https:\/\/azynox.com\/en\/#organization\",\"name\":\"Azynox\",\"url\":\"https:\/\/azynox.com\/en\/\",\"logo\":{\"@type\":\"ImageObject\",\"inLanguage\":\"en-US\",\"@id\":\"https:\/\/azynox.com\/en\/#\/schema\/logo\/image\/\",\"url\":\"https:\/\/azynox.com\/wp-content\/uploads\/2023\/02\/azynox-favicon.png\",\"contentUrl\":\"https:\/\/azynox.com\/wp-content\/uploads\/2023\/02\/azynox-favicon.png\",\"width\":512,\"height\":512,\"caption\":\"Azynox\"},\"image\":{\"@id\":\"https:\/\/azynox.com\/en\/#\/schema\/logo\/image\/\"}}]}<\/script>\n<!-- \/ Yoast SEO plugin. -->","yoast_head_json":{"title":"Azynox","description":"Azynox, French specialist in cutting to length, grinding, brushing and polishing flat stainless steel products, independent company based in Touraine","robots":{"index":"index","follow":"follow","max-snippet":"max-snippet:-1","max-image-preview":"max-image-preview:large","max-video-preview":"max-video-preview:-1"},"canonical":"https:\/\/azynox.com\/en\/","og_locale":"en_US","og_type":"article","og_title":"Azynox","og_description":"Azynox, French specialist in cutting to length, grinding, brushing and polishing flat stainless steel products, independent company based in Touraine","og_url":"https:\/\/azynox.com\/en\/","og_site_name":"Azynox","article_modified_time":"2024-08-27T14:13:29+00:00","twitter_card":"summary_large_image","twitter_misc":{"Est. reading time":"2 minutes"},"schema":{"@context":"https:\/\/schema.org","@graph":[{"@type":"WebPage","@id":"https:\/\/azynox.com\/en\/","url":"https:\/\/azynox.com\/en\/","name":"Azynox","isPartOf":{"@id":"https:\/\/azynox.com\/en\/#website"},"datePublished":"2023-03-21T18:05:33+00:00","dateModified":"2024-08-27T14:13:29+00:00","description":"Azynox, French specialist in cutting to length, grinding, brushing and polishing flat stainless steel products, independent company based in Touraine","breadcrumb":{"@id":"https:\/\/azynox.com\/en\/#breadcrumb"},"inLanguage":"en-US","potentialAction":[{"@type":"ReadAction","target":["https:\/\/azynox.com\/en\/"]}]},{"@type":"BreadcrumbList","@id":"https:\/\/azynox.com\/en\/#breadcrumb","itemListElement":[{"@type":"ListItem","position":1,"name":"Accueil","item":"https:\/\/azynox.com\/en\/"},{"@type":"ListItem","position":2,"name":"Stainless steel"}]},{"@type":"WebSite","@id":"https:\/\/azynox.com\/en\/#website","url":"https:\/\/azynox.com\/en\/","name":"Azynox","description":"Sp\u00e9cialiste ind\u00e9pendant en d\u00e9roulage et polissage de produits plats en acier inoxydable","publisher":{"@id":"https:\/\/azynox.com\/en\/#organization"},"potentialAction":[{"@type":"SearchAction","target":{"@type":"EntryPoint","urlTemplate":"https:\/\/azynox.com\/en\/?s={search_term_string}"},"query-input":{"@type":"PropertyValueSpecification","valueRequired":true,"valueName":"search_term_string"}}],"inLanguage":"en-US"},{"@type":"Organization","@id":"https:\/\/azynox.com\/en\/#organization","name":"Azynox","url":"https:\/\/azynox.com\/en\/","logo":{"@type":"ImageObject","inLanguage":"en-US","@id":"https:\/\/azynox.com\/en\/#\/schema\/logo\/image\/","url":"https:\/\/azynox.com\/wp-content\/uploads\/2023\/02\/azynox-favicon.png","contentUrl":"https:\/\/azynox.com\/wp-content\/uploads\/2023\/02\/azynox-favicon.png","width":512,"height":512,"caption":"Azynox"},"image":{"@id":"https:\/\/azynox.com\/en\/#\/schema\/logo\/image\/"}}]}},"_links":{"self":[{"href":"https:\/\/azynox.com\/en\/wp-json\/wp\/v2\/pages\/567","targetHints":{"allow":["GET"]}}],"collection":[{"href":"https:\/\/azynox.com\/en\/wp-json\/wp\/v2\/pages"}],"about":[{"href":"https:\/\/azynox.com\/en\/wp-json\/wp\/v2\/types\/page"}],"author":[{"embeddable":true,"href":"https:\/\/azynox.com\/en\/wp-json\/wp\/v2\/users\/1"}],"replies":[{"embeddable":true,"href":"https:\/\/azynox.com\/en\/wp-json\/wp\/v2\/comments?post=567"}],"version-history":[{"count":7,"href":"https:\/\/azynox.com\/en\/wp-json\/wp\/v2\/pages\/567\/revisions"}],"predecessor-version":[{"id":727,"href":"https:\/\/azynox.com\/en\/wp-json\/wp\/v2\/pages\/567\/revisions\/727"}],"wp:attachment":[{"href":"https:\/\/azynox.com\/en\/wp-json\/wp\/v2\/media?parent=567"}],"curies":[{"name":"wp","href":"https:\/\/api.w.org\/{rel}","templated":true}]}}