{"id":582,"date":"2023-03-22T09:24:21","date_gmt":"2023-03-22T08:24:21","guid":{"rendered":"https:\/\/azynox.com\/a-votre-service-conformite-prestations\/"},"modified":"2025-05-20T14:45:05","modified_gmt":"2025-05-20T12:45:05","slug":"at-your-service-compliance-of-services","status":"publish","type":"page","link":"https:\/\/azynox.com\/en\/at-your-service-compliance-of-services\/","title":{"rendered":"At your service"},"content":{"rendered":"<p>[et_pb_section fb_built=&#8221;1&#8243; fullwidth=&#8221;on&#8221; _builder_version=&#8221;4.20.2&#8243; _module_preset=&#8221;default&#8221; custom_padding=&#8221;||27px||false|false&#8221; global_colors_info=&#8221;{}&#8221;][et_pb_fullwidth_image src=&#8221;https:\/\/azynox.com\/wp-content\/uploads\/2023\/03\/azynox-conformite-prestations.jpg&#8221; alt=&#8221;Azynox, conformit\u00e9 des prestations&#8221; _builder_version=&#8221;4.20.2&#8243; _module_preset=&#8221;default&#8221; global_colors_info=&#8221;{}&#8221;][\/et_pb_fullwidth_image][\/et_pb_section][et_pb_section fb_built=&#8221;1&#8243; admin_label=&#8221;Gallery Section&#8221; _builder_version=&#8221;4.20.2&#8243; background_color=&#8221;#ffffff&#8221; background_enable_image=&#8221;off&#8221; background_size=&#8221;initial&#8221; background_position=&#8221;top_left&#8221; background_repeat=&#8221;repeat&#8221; custom_margin=&#8221;||||false|false&#8221; custom_padding=&#8221;0px||0px||false|false&#8221; locked=&#8221;off&#8221; global_colors_info=&#8221;{}&#8221;][et_pb_row column_structure=&#8221;1_2,1_2&#8243; use_custom_gutter=&#8221;on&#8221; gutter_width=&#8221;1&#8243; _builder_version=&#8221;4.20.2&#8243; background_color=&#8221;#FFFFFF&#8221; custom_margin=&#8221;||||false|false&#8221; custom_padding=&#8221;0px||||false|false&#8221; global_colors_info=&#8221;{}&#8221;][et_pb_column type=&#8221;1_2&#8243; _builder_version=&#8221;4.20.2&#8243; custom_padding=&#8221;|20px||20px|false|true&#8221; global_colors_info=&#8221;{}&#8221; custom_padding__hover=&#8221;|||&#8221;][et_pb_post_title meta=&#8221;off&#8221; featured_image=&#8221;off&#8221; _builder_version=&#8221;4.20.2&#8243; _module_preset=&#8221;default&#8221; title_font_size=&#8221;48px&#8221; background_color=&#8221;#97BF0D&#8221; custom_margin=&#8221;|-20px||-20px|false|false&#8221; custom_padding=&#8221;24px|55px|20px|55px|false|true&#8221; title_font_size_tablet=&#8221;48px&#8221; title_font_size_phone=&#8221;45px&#8221; title_font_size_last_edited=&#8221;on|phone&#8221; locked=&#8221;off&#8221; global_colors_info=&#8221;{}&#8221;][\/et_pb_post_title][et_pb_text admin_label=&#8221;Text&#8221; _builder_version=&#8221;4.20.4&#8243; text_font=&#8221;Open Sans||||||||&#8221; text_line_height=&#8221;1.8em&#8221; header_font=&#8221;||||||||&#8221; header_3_font=&#8221;|800|||||||&#8221; header_3_text_color=&#8221;#f25b3a&#8221; header_3_font_size=&#8221;24px&#8221; header_3_line_height=&#8221;1.8em&#8221; custom_padding=&#8221;45px|||45px|false|false&#8221; custom_padding_tablet=&#8221;45px|||0px|false|false&#8221; custom_padding_phone=&#8221;45px|||0px|false|false&#8221; custom_padding_last_edited=&#8221;on|tablet&#8221; header_3_font_size_tablet=&#8221;&#8221; header_3_font_size_phone=&#8221;18px&#8221; header_3_font_size_last_edited=&#8221;on|phone&#8221; locked=&#8221;off&#8221; global_colors_info=&#8221;{}&#8221;]<\/p>\n<p><strong>A <a href=\"https:\/\/azynox.com\/en\/who-are-we-cutting-to-length-polishing\/\">versatile team<\/a>\u00a0<span lang=\"en\">is at your disposal to ensure through our three brands (Politolinox, M\u00e9tal Service and D\u00e9roulinox) the conformity of our services to your needs in supply or shaping.<\/span><\/strong><\/p>\n<p>[\/et_pb_text][et_pb_image src=&#8221;https:\/\/azynox.com\/wp-content\/uploads\/2023\/03\/logo-politolinox.jpg&#8221; alt=&#8221;logo-politolinox&#8221; align=&#8221;center&#8221; _builder_version=&#8221;4.20.2&#8243; _module_preset=&#8221;default&#8221; custom_margin=&#8221;70px||||false|false&#8221; global_colors_info=&#8221;{}&#8221;][\/et_pb_image][et_pb_image src=&#8221;https:\/\/azynox.com\/wp-content\/uploads\/2023\/03\/logo-metal-service.jpg&#8221; alt=&#8221;logo-metal-service&#8221; align=&#8221;center&#8221; _builder_version=&#8221;4.20.2&#8243; _module_preset=&#8221;default&#8221; custom_margin=&#8221;100px||||false|false&#8221; global_colors_info=&#8221;{}&#8221;][\/et_pb_image][et_pb_image src=&#8221;https:\/\/azynox.com\/wp-content\/uploads\/2023\/03\/logo-deroulinox.jpg&#8221; alt=&#8221;logo-deroulinox&#8221; align=&#8221;center&#8221; _builder_version=&#8221;4.20.2&#8243; _module_preset=&#8221;default&#8221; custom_margin=&#8221;100px||||false|false&#8221; custom_margin_tablet=&#8221;100px||||false|false&#8221; custom_margin_phone=&#8221;||||false|false&#8221; custom_margin_last_edited=&#8221;on|phone&#8221; custom_padding=&#8221;||30px||false|false&#8221; global_colors_info=&#8221;{}&#8221;][\/et_pb_image][et_pb_image src=&#8221;https:\/\/azynox.com\/wp-content\/uploads\/2023\/03\/certification-aznox.jpg&#8221; alt=&#8221;certification-aznox&#8221; align=&#8221;center&#8221; disabled_on=&#8221;on|on|off&#8221; _builder_version=&#8221;4.20.2&#8243; _module_preset=&#8221;default&#8221; custom_margin=&#8221;100px||||false|false&#8221; global_colors_info=&#8221;{}&#8221;][\/et_pb_image][\/et_pb_column][et_pb_column type=&#8221;1_2&#8243; _builder_version=&#8221;4.20.2&#8243; custom_padding=&#8221;|||&#8221; global_colors_info=&#8221;{}&#8221; custom_padding__hover=&#8221;|||&#8221;][et_pb_image src=&#8221;https:\/\/azynox.com\/wp-content\/uploads\/2023\/03\/azynox-bobines.jpg&#8221; alt=&#8221;Azynox, bobines  : conformit\u00e9 des prestations&#8221; _builder_version=&#8221;4.20.2&#8243; _module_preset=&#8221;default&#8221; custom_margin=&#8221;||20px||false|false&#8221; global_colors_info=&#8221;{}&#8221;][\/et_pb_image][et_pb_image src=&#8221;https:\/\/azynox.com\/wp-content\/uploads\/2023\/03\/azynox-toles.jpg&#8221; alt=&#8221;Azynox, t\u00f4les  : conformit\u00e9 des prestations&#8221; _builder_version=&#8221;4.20.2&#8243; _module_preset=&#8221;default&#8221; custom_margin=&#8221;||20px||false|false&#8221; global_colors_info=&#8221;{}&#8221;][\/et_pb_image][et_pb_text _builder_version=&#8221;4.20.2&#8243; _module_preset=&#8221;default&#8221; text_font=&#8221;||||||||&#8221; text_text_color=&#8221;#ffffff&#8221; text_font_size=&#8221;24px&#8221; ul_line_height=&#8221;1.3em&#8221; header_3_font=&#8221;|800||on|||||&#8221; header_3_text_color=&#8221;#FFFFFF&#8221; header_3_font_size=&#8221;35px&#8221; header_3_line_height=&#8221;1.5em&#8221; background_color=&#8221;#97BF0D&#8221; custom_padding=&#8221;60px|70px|30px|70px|false|true&#8221; custom_padding_tablet=&#8221;60px|70px|30px|70px|false|true&#8221; custom_padding_phone=&#8221;|29px||29px|false|true&#8221; custom_padding_last_edited=&#8221;on|phone&#8221; header_3_font_size_tablet=&#8221;35px&#8221; header_3_font_size_phone=&#8221;32px&#8221; header_3_font_size_last_edited=&#8221;on|phone&#8221; global_colors_info=&#8221;{}&#8221; custom_padding__hover_enabled=&#8221;off|desktop&#8221;]<\/p>\n<h3><span lang=\"en\">Our commitments<\/span><\/h3>\n<ul>\n<li>Fast processing of your request<\/li>\n<li>A personalized follow-up of your file<\/li>\n<li>A regular quality of service<\/li>\n<li>Optimized delivery (transport with no loading break)<\/li>\n<\/ul>\n<p>[\/et_pb_text][et_pb_image src=&#8221;https:\/\/azynox.com\/wp-content\/uploads\/2023\/03\/certification-aznox.jpg&#8221; alt=&#8221;certification-aznox&#8221; align=&#8221;center&#8221; disabled_on=&#8221;off|off|on&#8221; _builder_version=&#8221;4.20.2&#8243; _module_preset=&#8221;default&#8221; custom_margin=&#8221;20px||20px||true|false&#8221; locked=&#8221;off&#8221; global_colors_info=&#8221;{}&#8221;][\/et_pb_image][\/et_pb_column][\/et_pb_row][et_pb_row column_structure=&#8221;1_4,1_4,1_4,1_4&#8243; use_custom_gutter=&#8221;on&#8221; gutter_width=&#8221;2&#8243; _builder_version=&#8221;4.20.2&#8243; _module_preset=&#8221;default&#8221; custom_padding=&#8221;0px||||false|false&#8221; global_colors_info=&#8221;{}&#8221;][et_pb_column type=&#8221;1_4&#8243; _builder_version=&#8221;4.20.2&#8243; _module_preset=&#8221;default&#8221; global_colors_info=&#8221;{}&#8221;][et_pb_button button_url=&#8221;@ET-DC@eyJkeW5hbWljIjp0cnVlLCJjb250ZW50IjoicG9zdF9saW5rX3VybF9hdHRhY2htZW50Iiwic2V0dGluZ3MiOnsicG9zdF9pZCI6IjczMyJ9fQ==@&#8221; button_text=&#8221;ISO 9001 Certificate&#8221; button_alignment=&#8221;center&#8221; disabled_on=&#8221;off|off|off&#8221; _builder_version=&#8221;4.20.4&#8243; _module_preset=&#8221;default&#8221; custom_margin=&#8221;0px||||false|false&#8221; custom_padding=&#8221;||||false|false&#8221; global_colors_info=&#8221;{}&#8221; _dynamic_attributes=&#8221;button_url&#8221; hover_enabled=&#8221;0&#8243; sticky_enabled=&#8221;0&#8243;][\/et_pb_button][\/et_pb_column][et_pb_column type=&#8221;1_4&#8243; _builder_version=&#8221;4.20.2&#8243; _module_preset=&#8221;default&#8221; global_colors_info=&#8221;{}&#8221;][et_pb_button button_url=&#8221;https:\/\/azynox.com\/wp-content\/uploads\/2023\/04\/CGV-Azynox-0423.pdf&#8221; url_new_window=&#8221;on&#8221; button_text=&#8221;GTCS&#8221; button_alignment=&#8221;center&#8221; disabled_on=&#8221;off|off|off&#8221; _builder_version=&#8221;4.20.2&#8243; _module_preset=&#8221;default&#8221; custom_button=&#8221;on&#8221; button_letter_spacing=&#8221;-0.5px&#8221; button_icon=&#8221;&#x39;||divi||400&#8243; button_on_hover=&#8221;off&#8221; custom_margin=&#8221;0px||||false|false&#8221; locked=&#8221;off&#8221; global_colors_info=&#8221;{}&#8221;][\/et_pb_button][\/et_pb_column][et_pb_column type=&#8221;1_4&#8243; _builder_version=&#8221;4.20.2&#8243; _module_preset=&#8221;default&#8221; global_colors_info=&#8221;{}&#8221;][\/et_pb_column][et_pb_column type=&#8221;1_4&#8243; _builder_version=&#8221;4.20.2&#8243; _module_preset=&#8221;default&#8221; global_colors_info=&#8221;{}&#8221;][\/et_pb_column][\/et_pb_row][\/et_pb_section][et_pb_section fb_built=&#8221;1&#8243; _builder_version=&#8221;4.20.4&#8243; background_color=&#8221;#FFFFFF&#8221; custom_padding=&#8221;0px|0px|0px|0px|true|false&#8221; animation_style=&#8221;slide&#8221; animation_direction=&#8221;bottom&#8221; animation_intensity_slide=&#8221;20%&#8221; border_width_top=&#8221;1px&#8221; border_color_top=&#8221;#C9CBCC&#8221; global_module=&#8221;620&#8243; saved_tabs=&#8221;all&#8221; locked=&#8221;on&#8221; global_colors_info=&#8221;{}&#8221;][et_pb_row _builder_version=&#8221;4.20.2&#8243; custom_padding=&#8221;0px||||false|false&#8221; global_colors_info=&#8221;{}&#8221;][et_pb_column type=&#8221;4_4&#8243; _builder_version=&#8221;4.16&#8243; custom_padding=&#8221;|||&#8221; global_colors_info=&#8221;{}&#8221; custom_padding__hover=&#8221;|||&#8221;][et_pb_menu menu_id=&#8221;4&#8243; menu_style=&#8221;centered&#8221; active_link_color=&#8221;#97BF0D&#8221; disabled_on=&#8221;on|on|off&#8221; admin_label=&#8221;Menu desktop&#8221; _builder_version=&#8221;4.20.4&#8243; _module_preset=&#8221;default&#8221; global_colors_info=&#8221;{}&#8221;][\/et_pb_menu][\/et_pb_column][\/et_pb_row][et_pb_row disabled_on=&#8221;off|off|on&#8221; _builder_version=&#8221;4.20.2&#8243; custom_padding=&#8221;0px||||false|false&#8221; global_colors_info=&#8221;{}&#8221;][et_pb_column type=&#8221;4_4&#8243; _builder_version=&#8221;4.16&#8243; custom_padding=&#8221;|||&#8221; global_colors_info=&#8221;{}&#8221; custom_padding__hover=&#8221;|||&#8221;][et_pb_text disabled_on=&#8221;off|off|off&#8221; admin_label=&#8221;Menu tablettes \/ mobiles&#8221; _builder_version=&#8221;4.20.4&#8243; _module_preset=&#8221;default&#8221; link_text_color=&#8221;#76767A&#8221; link_font_size=&#8221;14px&#8221; global_colors_info=&#8221;{}&#8221;]<\/p>\n<p style=\"text-align: center;\"><a href=\"https:\/\/azynox.com\/en\/copyrights\/\">Copyrights<\/a><\/p>\n<p style=\"text-align: center;\"><a href=\"https:\/\/azynox.com\/en\/legal-notice\/\">Legal notice<\/a><\/p>\n<p style=\"text-align: center;\"><a href=\"https:\/\/azynox.com\/en\/privacy-policy\/\">Privacy policy<\/a><\/p>\n<p style=\"text-align: center;\"><a href=\"https:\/\/azynox.com\/en\/contact\/\">Contact<\/a><\/p>\n<p>[\/et_pb_text][\/et_pb_column][\/et_pb_row][\/et_pb_section]<\/p>\n","protected":false},"excerpt":{"rendered":"<p>A versatile team\u00a0is at your disposal to ensure through our three brands (Politolinox, M\u00e9tal Service and D\u00e9roulinox) the conformity of our services to your needs in supply or shaping.Our commitments Fast processing of your request A personalized follow-up of your file A regular quality of service Optimized delivery (transport with no loading break) Copyrights Legal [&hellip;]<\/p>\n","protected":false},"author":1,"featured_media":548,"parent":0,"menu_order":0,"comment_status":"closed","ping_status":"closed","template":"","meta":{"_et_pb_use_builder":"on","_et_pb_old_content":"","_et_gb_content_width":"","footnotes":""},"class_list":["post-582","page","type-page","status-publish","has-post-thumbnail","hentry"],"yoast_head":"<!-- This site is optimized with the Yoast SEO plugin v25.3.1 - https:\/\/yoast.com\/wordpress\/plugins\/seo\/ -->\n<title>At your service &#8226; Azynox<\/title>\n<meta name=\"description\" content=\"At your disposal to ensure through our three brands the conformity of our services to your needs in supply or shaping\u2026\" \/>\n<meta name=\"robots\" content=\"index, follow, max-snippet:-1, max-image-preview:large, max-video-preview:-1\" \/>\n<link rel=\"canonical\" href=\"https:\/\/azynox.com\/en\/at-your-service-compliance-of-services\/\" \/>\n<meta property=\"og:locale\" content=\"en_US\" \/>\n<meta property=\"og:type\" content=\"article\" \/>\n<meta property=\"og:title\" content=\"At your service &#8226; Azynox\" \/>\n<meta property=\"og:description\" content=\"At your disposal to ensure through our three brands the conformity of our services to your needs in supply or shaping\u2026\" \/>\n<meta property=\"og:url\" content=\"https:\/\/azynox.com\/en\/at-your-service-compliance-of-services\/\" \/>\n<meta property=\"og:site_name\" content=\"Azynox\" \/>\n<meta property=\"article:modified_time\" content=\"2025-05-20T12:45:05+00:00\" \/>\n<meta property=\"og:image\" content=\"https:\/\/azynox.com\/wp-content\/uploads\/2023\/03\/azynox-conformite-prestations.jpg\" \/>\n\t<meta property=\"og:image:width\" content=\"2000\" \/>\n\t<meta property=\"og:image:height\" content=\"588\" \/>\n\t<meta property=\"og:image:type\" content=\"image\/jpeg\" \/>\n<meta name=\"twitter:card\" content=\"summary_large_image\" \/>\n<meta name=\"twitter:label1\" content=\"Est. reading time\" \/>\n\t<meta name=\"twitter:data1\" content=\"2 minutes\" \/>\n<script type=\"application\/ld+json\" class=\"yoast-schema-graph\">{\"@context\":\"https:\/\/schema.org\",\"@graph\":[{\"@type\":\"WebPage\",\"@id\":\"https:\/\/azynox.com\/en\/at-your-service-compliance-of-services\/\",\"url\":\"https:\/\/azynox.com\/en\/at-your-service-compliance-of-services\/\",\"name\":\"At your service &#8226; Azynox\",\"isPartOf\":{\"@id\":\"https:\/\/azynox.com\/en\/#website\"},\"primaryImageOfPage\":{\"@id\":\"https:\/\/azynox.com\/en\/at-your-service-compliance-of-services\/#primaryimage\"},\"image\":{\"@id\":\"https:\/\/azynox.com\/en\/at-your-service-compliance-of-services\/#primaryimage\"},\"thumbnailUrl\":\"https:\/\/azynox.com\/wp-content\/uploads\/2023\/03\/azynox-conformite-prestations.jpg\",\"datePublished\":\"2023-03-22T08:24:21+00:00\",\"dateModified\":\"2025-05-20T12:45:05+00:00\",\"description\":\"At your disposal to ensure through our three brands the conformity of our services to your needs in supply or shaping\u2026\",\"breadcrumb\":{\"@id\":\"https:\/\/azynox.com\/en\/at-your-service-compliance-of-services\/#breadcrumb\"},\"inLanguage\":\"en-US\",\"potentialAction\":[{\"@type\":\"ReadAction\",\"target\":[\"https:\/\/azynox.com\/en\/at-your-service-compliance-of-services\/\"]}]},{\"@type\":\"ImageObject\",\"inLanguage\":\"en-US\",\"@id\":\"https:\/\/azynox.com\/en\/at-your-service-compliance-of-services\/#primaryimage\",\"url\":\"https:\/\/azynox.com\/wp-content\/uploads\/2023\/03\/azynox-conformite-prestations.jpg\",\"contentUrl\":\"https:\/\/azynox.com\/wp-content\/uploads\/2023\/03\/azynox-conformite-prestations.jpg\",\"width\":2000,\"height\":588},{\"@type\":\"BreadcrumbList\",\"@id\":\"https:\/\/azynox.com\/en\/at-your-service-compliance-of-services\/#breadcrumb\",\"itemListElement\":[{\"@type\":\"ListItem\",\"position\":1,\"name\":\"Accueil\",\"item\":\"https:\/\/azynox.com\/en\/\"},{\"@type\":\"ListItem\",\"position\":2,\"name\":\"At your service\"}]},{\"@type\":\"WebSite\",\"@id\":\"https:\/\/azynox.com\/en\/#website\",\"url\":\"https:\/\/azynox.com\/en\/\",\"name\":\"Azynox\",\"description\":\"Sp\u00e9cialiste ind\u00e9pendant en d\u00e9roulage et polissage de produits plats en acier inoxydable\",\"publisher\":{\"@id\":\"https:\/\/azynox.com\/en\/#organization\"},\"potentialAction\":[{\"@type\":\"SearchAction\",\"target\":{\"@type\":\"EntryPoint\",\"urlTemplate\":\"https:\/\/azynox.com\/en\/?s={search_term_string}\"},\"query-input\":{\"@type\":\"PropertyValueSpecification\",\"valueRequired\":true,\"valueName\":\"search_term_string\"}}],\"inLanguage\":\"en-US\"},{\"@type\":\"Organization\",\"@id\":\"https:\/\/azynox.com\/en\/#organization\",\"name\":\"Azynox\",\"url\":\"https:\/\/azynox.com\/en\/\",\"logo\":{\"@type\":\"ImageObject\",\"inLanguage\":\"en-US\",\"@id\":\"https:\/\/azynox.com\/en\/#\/schema\/logo\/image\/\",\"url\":\"https:\/\/azynox.com\/wp-content\/uploads\/2023\/02\/azynox-favicon.png\",\"contentUrl\":\"https:\/\/azynox.com\/wp-content\/uploads\/2023\/02\/azynox-favicon.png\",\"width\":512,\"height\":512,\"caption\":\"Azynox\"},\"image\":{\"@id\":\"https:\/\/azynox.com\/en\/#\/schema\/logo\/image\/\"}}]}<\/script>\n<!-- \/ Yoast SEO plugin. -->","yoast_head_json":{"title":"At your service &#8226; Azynox","description":"At your disposal to ensure through our three brands the conformity of our services to your needs in supply or shaping\u2026","robots":{"index":"index","follow":"follow","max-snippet":"max-snippet:-1","max-image-preview":"max-image-preview:large","max-video-preview":"max-video-preview:-1"},"canonical":"https:\/\/azynox.com\/en\/at-your-service-compliance-of-services\/","og_locale":"en_US","og_type":"article","og_title":"At your service &#8226; Azynox","og_description":"At your disposal to ensure through our three brands the conformity of our services to your needs in supply or shaping\u2026","og_url":"https:\/\/azynox.com\/en\/at-your-service-compliance-of-services\/","og_site_name":"Azynox","article_modified_time":"2025-05-20T12:45:05+00:00","og_image":[{"width":2000,"height":588,"url":"https:\/\/azynox.com\/wp-content\/uploads\/2023\/03\/azynox-conformite-prestations.jpg","type":"image\/jpeg"}],"twitter_card":"summary_large_image","twitter_misc":{"Est. reading time":"2 minutes"},"schema":{"@context":"https:\/\/schema.org","@graph":[{"@type":"WebPage","@id":"https:\/\/azynox.com\/en\/at-your-service-compliance-of-services\/","url":"https:\/\/azynox.com\/en\/at-your-service-compliance-of-services\/","name":"At your service &#8226; Azynox","isPartOf":{"@id":"https:\/\/azynox.com\/en\/#website"},"primaryImageOfPage":{"@id":"https:\/\/azynox.com\/en\/at-your-service-compliance-of-services\/#primaryimage"},"image":{"@id":"https:\/\/azynox.com\/en\/at-your-service-compliance-of-services\/#primaryimage"},"thumbnailUrl":"https:\/\/azynox.com\/wp-content\/uploads\/2023\/03\/azynox-conformite-prestations.jpg","datePublished":"2023-03-22T08:24:21+00:00","dateModified":"2025-05-20T12:45:05+00:00","description":"At your disposal to ensure through our three brands the conformity of our services to your needs in supply or shaping\u2026","breadcrumb":{"@id":"https:\/\/azynox.com\/en\/at-your-service-compliance-of-services\/#breadcrumb"},"inLanguage":"en-US","potentialAction":[{"@type":"ReadAction","target":["https:\/\/azynox.com\/en\/at-your-service-compliance-of-services\/"]}]},{"@type":"ImageObject","inLanguage":"en-US","@id":"https:\/\/azynox.com\/en\/at-your-service-compliance-of-services\/#primaryimage","url":"https:\/\/azynox.com\/wp-content\/uploads\/2023\/03\/azynox-conformite-prestations.jpg","contentUrl":"https:\/\/azynox.com\/wp-content\/uploads\/2023\/03\/azynox-conformite-prestations.jpg","width":2000,"height":588},{"@type":"BreadcrumbList","@id":"https:\/\/azynox.com\/en\/at-your-service-compliance-of-services\/#breadcrumb","itemListElement":[{"@type":"ListItem","position":1,"name":"Accueil","item":"https:\/\/azynox.com\/en\/"},{"@type":"ListItem","position":2,"name":"At your service"}]},{"@type":"WebSite","@id":"https:\/\/azynox.com\/en\/#website","url":"https:\/\/azynox.com\/en\/","name":"Azynox","description":"Sp\u00e9cialiste ind\u00e9pendant en d\u00e9roulage et polissage de produits plats en acier inoxydable","publisher":{"@id":"https:\/\/azynox.com\/en\/#organization"},"potentialAction":[{"@type":"SearchAction","target":{"@type":"EntryPoint","urlTemplate":"https:\/\/azynox.com\/en\/?s={search_term_string}"},"query-input":{"@type":"PropertyValueSpecification","valueRequired":true,"valueName":"search_term_string"}}],"inLanguage":"en-US"},{"@type":"Organization","@id":"https:\/\/azynox.com\/en\/#organization","name":"Azynox","url":"https:\/\/azynox.com\/en\/","logo":{"@type":"ImageObject","inLanguage":"en-US","@id":"https:\/\/azynox.com\/en\/#\/schema\/logo\/image\/","url":"https:\/\/azynox.com\/wp-content\/uploads\/2023\/02\/azynox-favicon.png","contentUrl":"https:\/\/azynox.com\/wp-content\/uploads\/2023\/02\/azynox-favicon.png","width":512,"height":512,"caption":"Azynox"},"image":{"@id":"https:\/\/azynox.com\/en\/#\/schema\/logo\/image\/"}}]}},"_links":{"self":[{"href":"https:\/\/azynox.com\/en\/wp-json\/wp\/v2\/pages\/582","targetHints":{"allow":["GET"]}}],"collection":[{"href":"https:\/\/azynox.com\/en\/wp-json\/wp\/v2\/pages"}],"about":[{"href":"https:\/\/azynox.com\/en\/wp-json\/wp\/v2\/types\/page"}],"author":[{"embeddable":true,"href":"https:\/\/azynox.com\/en\/wp-json\/wp\/v2\/users\/1"}],"replies":[{"embeddable":true,"href":"https:\/\/azynox.com\/en\/wp-json\/wp\/v2\/comments?post=582"}],"version-history":[{"count":9,"href":"https:\/\/azynox.com\/en\/wp-json\/wp\/v2\/pages\/582\/revisions"}],"predecessor-version":[{"id":739,"href":"https:\/\/azynox.com\/en\/wp-json\/wp\/v2\/pages\/582\/revisions\/739"}],"wp:featuredmedia":[{"embeddable":true,"href":"https:\/\/azynox.com\/en\/wp-json\/wp\/v2\/media\/548"}],"wp:attachment":[{"href":"https:\/\/azynox.com\/en\/wp-json\/wp\/v2\/media?parent=582"}],"curies":[{"name":"wp","href":"https:\/\/api.w.org\/{rel}","templated":true}]}}