{"id":586,"date":"2023-03-22T09:46:15","date_gmt":"2023-03-22T08:46:15","guid":{"rendered":"https:\/\/azynox.com\/nos-outils-deroulage-polissage\/"},"modified":"2025-11-24T16:01:17","modified_gmt":"2025-11-24T15:01:17","slug":"our-tools-grinding-brushing-polishing","status":"publish","type":"page","link":"https:\/\/azynox.com\/en\/our-tools-grinding-brushing-polishing\/","title":{"rendered":"Our tools"},"content":{"rendered":"<p>[et_pb_section fb_built=&#8221;1&#8243; fullwidth=&#8221;on&#8221; _builder_version=&#8221;4.20.2&#8243; _module_preset=&#8221;default&#8221; custom_padding=&#8221;||27px||false|false&#8221; global_colors_info=&#8221;{}&#8221;][et_pb_fullwidth_image src=&#8221;https:\/\/azynox.com\/wp-content\/uploads\/2023\/03\/azynox-derouleuse.jpg&#8221; alt=&#8221;azynox-derouleuse&#8221; _builder_version=&#8221;4.20.2&#8243; _module_preset=&#8221;default&#8221; global_colors_info=&#8221;{}&#8221;][\/et_pb_fullwidth_image][\/et_pb_section][et_pb_section fb_built=&#8221;1&#8243; admin_label=&#8221;Gallery Section&#8221; _builder_version=&#8221;4.20.2&#8243; background_color=&#8221;#ffffff&#8221; background_enable_image=&#8221;off&#8221; background_size=&#8221;initial&#8221; background_position=&#8221;top_left&#8221; background_repeat=&#8221;repeat&#8221; custom_margin=&#8221;||||false|false&#8221; custom_padding=&#8221;0px||0px||false|false&#8221; locked=&#8221;off&#8221; global_colors_info=&#8221;{}&#8221;][et_pb_row column_structure=&#8221;1_2,1_2&#8243; use_custom_gutter=&#8221;on&#8221; gutter_width=&#8221;1&#8243; _builder_version=&#8221;4.20.2&#8243; background_color=&#8221;#FFFFFF&#8221; custom_margin=&#8221;||||false|false&#8221; custom_padding=&#8221;0px||||false|false&#8221; global_colors_info=&#8221;{}&#8221;][et_pb_column type=&#8221;1_2&#8243; _builder_version=&#8221;4.20.2&#8243; custom_padding=&#8221;|20px||20px|false|true&#8221; global_colors_info=&#8221;{}&#8221; custom_padding__hover=&#8221;|||&#8221;][et_pb_post_title meta=&#8221;off&#8221; featured_image=&#8221;off&#8221; _builder_version=&#8221;4.20.2&#8243; _module_preset=&#8221;default&#8221; title_font_size=&#8221;48px&#8221; background_color=&#8221;#97BF0D&#8221; custom_margin=&#8221;|-20px||-20px|false|false&#8221; custom_padding=&#8221;24px|55px|20px|55px|false|true&#8221; title_font_size_tablet=&#8221;48px&#8221; title_font_size_phone=&#8221;45px&#8221; title_font_size_last_edited=&#8221;on|phone&#8221; locked=&#8221;off&#8221; global_colors_info=&#8221;{}&#8221;][\/et_pb_post_title][et_pb_text _builder_version=&#8221;4.20.4&#8243; text_font=&#8221;|300|||||||&#8221; text_letter_spacing=&#8221;-0.1px&#8221; text_line_height=&#8221;1.6em&#8221; ul_line_height=&#8221;1.6em&#8221; header_font=&#8221;||||||||&#8221; header_2_font=&#8221;|700||on|||||&#8221; header_2_font_size=&#8221;24px&#8221; header_3_font=&#8221;|800|||||||&#8221; header_3_text_color=&#8221;#f25b3a&#8221; header_3_font_size=&#8221;24px&#8221; header_3_line_height=&#8221;1.8em&#8221; custom_padding=&#8221;45px|||45px|false|false&#8221; custom_padding_tablet=&#8221;45px|||0px|false|false&#8221; custom_padding_phone=&#8221;45px|||0px|false|false&#8221; custom_padding_last_edited=&#8221;on|tablet&#8221; header_3_font_size_tablet=&#8221;&#8221; header_3_font_size_phone=&#8221;18px&#8221; header_3_font_size_last_edited=&#8221;on|phone&#8221; locked=&#8221;off&#8221; global_colors_info=&#8221;{}&#8221;]<\/p>\n<p><img loading=\"lazy\" decoding=\"async\" class=\"wp-image-400 alignnone size-full\" src=\"https:\/\/azynox.com\/wp-content\/uploads\/2023\/03\/picto-azynox-vert.png\" alt=\"\" width=\"29\" height=\"27\" \/><\/p>\n<h2>our cutting to length and protection capabilities<\/h2>\n<p>Cold-rolled and hot-rolled coils up to 24 tons<br \/>Thickness from 0.6 mm to 10\u00a0mm<br \/>Sheets up to 2,000 x 16,000\u00a0mm<\/p>\n<p>&nbsp;<\/p>\n<p><strong>We can:<\/strong><\/p>\n<ul>\n<li>ensure flatness and dimensional tolerances<\/li>\n<li>Check surface finishes<\/li>\n<li>Proceed to order<\/li>\n<\/ul>\n<p>[\/et_pb_text][et_pb_text _builder_version=&#8221;4.20.4&#8243; text_font=&#8221;Open Sans|300|||||||&#8221; text_line_height=&#8221;1.6em&#8221; ul_line_height=&#8221;1.6em&#8221; header_font=&#8221;||||||||&#8221; header_2_font=&#8221;|700||on|||||&#8221; header_2_font_size=&#8221;24px&#8221; header_3_font=&#8221;|800|||||||&#8221; header_3_text_color=&#8221;#f25b3a&#8221; header_3_font_size=&#8221;24px&#8221; header_3_line_height=&#8221;1.8em&#8221; custom_margin=&#8221;||||false|false&#8221; custom_padding=&#8221;45px|||45px|false|false&#8221; custom_padding_tablet=&#8221;45px||30px|0px|false|false&#8221; custom_padding_phone=&#8221;45px||30px|0px|false|false&#8221; custom_padding_last_edited=&#8221;on|tablet&#8221; header_3_font_size_tablet=&#8221;&#8221; header_3_font_size_phone=&#8221;18px&#8221; header_3_font_size_last_edited=&#8221;on|phone&#8221; locked=&#8221;off&#8221; global_colors_info=&#8221;{}&#8221;]<\/p>\n<p><strong><img loading=\"lazy\" decoding=\"async\" class=\"wp-image-400 alignnone size-full\" src=\"https:\/\/azynox.com\/wp-content\/uploads\/2023\/03\/picto-azynox-vert.png\" alt=\"\" width=\"29\" height=\"27\" \/><\/strong><\/p>\n<h2>our finishes and protection capabilities<\/h2>\n<p>On cold rolled and hot rolled inox sheets<\/p>\n<p>Polished grains (fat and dry, from 80 to 320): 3,000\u00a0X\u00a016,000\u00a0mm<br \/>Brushed polish : 2,000\u00a0X\u00a06,000\u00a0mm<br \/>Vibrated polish : 2,000\u00a0X\u00a06,000\u00a0mm<br \/>Polished mirror 7 and winegrower: 2,300\u00a0X\u00a010,000\u00a0mm<br \/>Mirror polished 8: 1,500\u00a0X\u00a04,000\u00a0mm, thickness from 0.8 to 4\u00a0mm<br \/>Bead (Mat-glossy, Satin and Mat): 2,200\u00a0X\u00a06,000\u00a0mm<\/p>\n<p>[\/et_pb_text][\/et_pb_column][et_pb_column type=&#8221;1_2&#8243; _builder_version=&#8221;4.20.2&#8243; custom_padding=&#8221;|||&#8221; global_colors_info=&#8221;{}&#8221; custom_padding__hover=&#8221;|||&#8221;][et_pb_image src=&#8221;https:\/\/azynox.com\/wp-content\/uploads\/2023\/03\/azynox-double-bras-polissage.jpg&#8221; alt=&#8221;Azynox, double bras polissage&#8221; _builder_version=&#8221;4.20.2&#8243; _module_preset=&#8221;default&#8221; custom_margin=&#8221;||20px||false|false&#8221; global_colors_info=&#8221;{}&#8221;][\/et_pb_image][et_pb_image src=&#8221;https:\/\/azynox.com\/wp-content\/uploads\/2023\/03\/azynox-bob.jpg&#8221; alt=&#8221;Azynox, bob polissage&#8221; _builder_version=&#8221;4.20.2&#8243; _module_preset=&#8221;default&#8221; custom_margin=&#8221;||20px||false|false&#8221; global_colors_info=&#8221;{}&#8221;][\/et_pb_image][\/et_pb_column][\/et_pb_row][et_pb_row column_structure=&#8221;1_4,1_4,1_4,1_4&#8243; use_custom_gutter=&#8221;on&#8221; gutter_width=&#8221;2&#8243; _builder_version=&#8221;4.20.2&#8243; _module_preset=&#8221;default&#8221; background_color=&#8221;#FFFFFF&#8221; custom_padding=&#8221;0px||||false|false&#8221; global_colors_info=&#8221;{}&#8221;][et_pb_column type=&#8221;1_4&#8243; _builder_version=&#8221;4.20.2&#8243; _module_preset=&#8221;default&#8221; background_enable_color=&#8221;off&#8221; custom_padding=&#8221;|||20px|false|false&#8221; global_colors_info=&#8221;{}&#8221;][et_pb_text _builder_version=&#8221;4.20.2&#8243; _module_preset=&#8221;default&#8221; text_font=&#8221;|300|||||||&#8221; text_line_height=&#8221;1.6em&#8221; ul_letter_spacing=&#8221;-0.5px&#8221; ul_line_height=&#8221;1.6em&#8221; header_font=&#8221;||||||||&#8221; header_2_font=&#8221;|700||on|||||&#8221; header_2_font_size=&#8221;24px&#8221; header_3_font=&#8221;|800|||||||&#8221; header_3_text_color=&#8221;#f25b3a&#8221; header_3_font_size=&#8221;24px&#8221; header_3_line_height=&#8221;1.8em&#8221; background_enable_color=&#8221;off&#8221; custom_padding=&#8221;18px|||45px|false|false&#8221; custom_padding_tablet=&#8221;20px|||0px|false|false&#8221; custom_padding_phone=&#8221;20px|||0px|false|false&#8221; custom_padding_last_edited=&#8221;on|phone&#8221; header_3_font_size_tablet=&#8221;24px&#8221; header_3_font_size_phone=&#8221;18px&#8221; header_3_font_size_last_edited=&#8221;on|phone&#8221; global_colors_info=&#8221;{}&#8221;]<strong>We can:<\/strong><\/p>\n<ul>\n<li>guarantee roughness and shine<\/li>\n<li>Guarantee thickness tolerances<\/li>\n<li>Custom finishes<\/li>\n<\/ul>\n<p>[\/et_pb_text][\/et_pb_column][et_pb_column type=&#8221;1_4&#8243; _builder_version=&#8221;4.20.2&#8243; _module_preset=&#8221;default&#8221; global_colors_info=&#8221;{}&#8221;][et_pb_text _builder_version=&#8221;4.20.2&#8243; _module_preset=&#8221;default&#8221; text_font=&#8221;|300|||||||&#8221; text_letter_spacing=&#8221;-0.5px&#8221; text_line_height=&#8221;1.6em&#8221; ul_line_height=&#8221;1.6em&#8221; header_font=&#8221;||||||||&#8221; header_2_font=&#8221;|700||on|||||&#8221; header_2_font_size=&#8221;24px&#8221; header_3_font=&#8221;|800|||||||&#8221; header_3_text_color=&#8221;#f25b3a&#8221; header_3_font_size=&#8221;24px&#8221; header_3_line_height=&#8221;1.8em&#8221; background_color=&#8221;rgba(151,191,13,0.3)&#8221; custom_margin_tablet=&#8221;|30px|30px||false|false&#8221; custom_margin_phone=&#8221;|0px|||false|false&#8221; custom_margin_last_edited=&#8221;on|tablet&#8221; custom_padding=&#8221;20px|||35px|false|false&#8221; custom_padding_tablet=&#8221;20px|||35px|false|false&#8221; custom_padding_phone=&#8221;|||20px|false|false&#8221; custom_padding_last_edited=&#8221;on|desktop&#8221; header_3_font_size_tablet=&#8221;24px&#8221; header_3_font_size_phone=&#8221;18px&#8221; header_3_font_size_last_edited=&#8221;on|phone&#8221; global_colors_info=&#8221;{}&#8221;]<span style=\"font-weight: 500;\">Contact us for:<\/span><\/p>\n<ul>\n<li>Quarto sheets<\/li>\n<li>Cross-facing polishing<\/li>\n<li>Polished two sides<\/li>\n<li>Thickness reduction<\/li>\n<\/ul>\n<p>[\/et_pb_text][\/et_pb_column][et_pb_column type=&#8221;1_4&#8243; _builder_version=&#8221;4.20.2&#8243; _module_preset=&#8221;default&#8221; global_colors_info=&#8221;{}&#8221;][\/et_pb_column][et_pb_column type=&#8221;1_4&#8243; _builder_version=&#8221;4.20.2&#8243; _module_preset=&#8221;default&#8221; global_colors_info=&#8221;{}&#8221;][\/et_pb_column][\/et_pb_row][\/et_pb_section][et_pb_section fb_built=&#8221;1&#8243; _builder_version=&#8221;4.20.4&#8243; background_color=&#8221;#FFFFFF&#8221; custom_padding=&#8221;0px|0px|0px|0px|true|false&#8221; animation_style=&#8221;slide&#8221; animation_direction=&#8221;bottom&#8221; animation_intensity_slide=&#8221;20%&#8221; border_width_top=&#8221;1px&#8221; border_color_top=&#8221;#C9CBCC&#8221; global_module=&#8221;620&#8243; saved_tabs=&#8221;all&#8221; locked=&#8221;on&#8221; global_colors_info=&#8221;{}&#8221;][et_pb_row _builder_version=&#8221;4.20.2&#8243; custom_padding=&#8221;0px||||false|false&#8221; global_colors_info=&#8221;{}&#8221;][et_pb_column type=&#8221;4_4&#8243; _builder_version=&#8221;4.16&#8243; custom_padding=&#8221;|||&#8221; global_colors_info=&#8221;{}&#8221; custom_padding__hover=&#8221;|||&#8221;][et_pb_menu menu_id=&#8221;4&#8243; menu_style=&#8221;centered&#8221; active_link_color=&#8221;#97BF0D&#8221; disabled_on=&#8221;on|on|off&#8221; admin_label=&#8221;Menu desktop&#8221; _builder_version=&#8221;4.20.4&#8243; _module_preset=&#8221;default&#8221; global_colors_info=&#8221;{}&#8221;][\/et_pb_menu][\/et_pb_column][\/et_pb_row][et_pb_row disabled_on=&#8221;off|off|on&#8221; _builder_version=&#8221;4.20.2&#8243; custom_padding=&#8221;0px||||false|false&#8221; global_colors_info=&#8221;{}&#8221;][et_pb_column type=&#8221;4_4&#8243; _builder_version=&#8221;4.16&#8243; custom_padding=&#8221;|||&#8221; global_colors_info=&#8221;{}&#8221; custom_padding__hover=&#8221;|||&#8221;][et_pb_text disabled_on=&#8221;off|off|off&#8221; admin_label=&#8221;Menu tablettes \/ mobiles&#8221; _builder_version=&#8221;4.20.4&#8243; _module_preset=&#8221;default&#8221; link_text_color=&#8221;#76767A&#8221; link_font_size=&#8221;14px&#8221; global_colors_info=&#8221;{}&#8221;]<\/p>\n<p style=\"text-align: center;\"><a href=\"https:\/\/azynox.com\/en\/copyrights\/\">Copyrights<\/a><\/p>\n<p style=\"text-align: center;\"><a href=\"https:\/\/azynox.com\/en\/legal-notice\/\">Legal notice<\/a><\/p>\n<p style=\"text-align: center;\"><a href=\"https:\/\/azynox.com\/en\/privacy-policy\/\">Privacy policy<\/a><\/p>\n<p style=\"text-align: center;\"><a href=\"https:\/\/azynox.com\/en\/contact\/\">Contact<\/a><\/p>\n<p>[\/et_pb_text][\/et_pb_column][\/et_pb_row][\/et_pb_section]<\/p>\n","protected":false},"excerpt":{"rendered":"<p>our cutting to length and protection capabilities Cold-rolled and hot-rolled coils up to 24 tonsThickness from 0.6 mm to 10\u00a0mmSheets up to 2,000 x 16,000\u00a0mm &nbsp; We can: ensure flatness and dimensional tolerances Check surface finishes Proceed to order our finishes and protection capabilities On cold rolled and hot rolled inox sheets Polished grains (fat [&hellip;]<\/p>\n","protected":false},"author":1,"featured_media":555,"parent":0,"menu_order":0,"comment_status":"closed","ping_status":"closed","template":"","meta":{"_et_pb_use_builder":"on","_et_pb_old_content":"","_et_gb_content_width":"","footnotes":""},"class_list":["post-586","page","type-page","status-publish","has-post-thumbnail","hentry"],"yoast_head":"<!-- This site is optimized with the Yoast SEO plugin v25.3.1 - https:\/\/yoast.com\/wordpress\/plugins\/seo\/ -->\n<title>Our tools &#8226; Azynox<\/title>\n<meta name=\"description\" content=\"grinding, brushing, polishing and protection capabilities: we can guarantee roughness and shine, thickness tolerances, custom polish.\" \/>\n<meta name=\"robots\" content=\"index, follow, max-snippet:-1, max-image-preview:large, max-video-preview:-1\" \/>\n<link rel=\"canonical\" href=\"https:\/\/azynox.com\/en\/our-tools-grinding-brushing-polishing\/\" \/>\n<meta property=\"og:locale\" content=\"en_US\" \/>\n<meta property=\"og:type\" content=\"article\" \/>\n<meta property=\"og:title\" content=\"Our tools &#8226; Azynox\" \/>\n<meta property=\"og:description\" content=\"grinding, brushing, polishing and protection capabilities: we can guarantee roughness and shine, thickness tolerances, custom polish.\" \/>\n<meta property=\"og:url\" content=\"https:\/\/azynox.com\/en\/our-tools-grinding-brushing-polishing\/\" \/>\n<meta property=\"og:site_name\" content=\"Azynox\" \/>\n<meta property=\"article:modified_time\" content=\"2025-11-24T15:01:17+00:00\" \/>\n<meta property=\"og:image\" content=\"https:\/\/azynox.com\/wp-content\/uploads\/2023\/03\/azynox-derouleuse.jpg\" \/>\n\t<meta property=\"og:image:width\" content=\"2000\" \/>\n\t<meta property=\"og:image:height\" content=\"566\" \/>\n\t<meta property=\"og:image:type\" content=\"image\/jpeg\" \/>\n<meta name=\"twitter:card\" content=\"summary_large_image\" \/>\n<meta name=\"twitter:label1\" content=\"Est. reading time\" \/>\n\t<meta name=\"twitter:data1\" content=\"2 minutes\" \/>\n<script type=\"application\/ld+json\" class=\"yoast-schema-graph\">{\"@context\":\"https:\/\/schema.org\",\"@graph\":[{\"@type\":\"WebPage\",\"@id\":\"https:\/\/azynox.com\/en\/our-tools-grinding-brushing-polishing\/\",\"url\":\"https:\/\/azynox.com\/en\/our-tools-grinding-brushing-polishing\/\",\"name\":\"Our tools &#8226; Azynox\",\"isPartOf\":{\"@id\":\"https:\/\/azynox.com\/en\/#website\"},\"primaryImageOfPage\":{\"@id\":\"https:\/\/azynox.com\/en\/our-tools-grinding-brushing-polishing\/#primaryimage\"},\"image\":{\"@id\":\"https:\/\/azynox.com\/en\/our-tools-grinding-brushing-polishing\/#primaryimage\"},\"thumbnailUrl\":\"https:\/\/azynox.com\/wp-content\/uploads\/2023\/03\/azynox-derouleuse.jpg\",\"datePublished\":\"2023-03-22T08:46:15+00:00\",\"dateModified\":\"2025-11-24T15:01:17+00:00\",\"description\":\"grinding, brushing, polishing and protection capabilities: we can guarantee roughness and shine, thickness tolerances, custom polish.\",\"breadcrumb\":{\"@id\":\"https:\/\/azynox.com\/en\/our-tools-grinding-brushing-polishing\/#breadcrumb\"},\"inLanguage\":\"en-US\",\"potentialAction\":[{\"@type\":\"ReadAction\",\"target\":[\"https:\/\/azynox.com\/en\/our-tools-grinding-brushing-polishing\/\"]}]},{\"@type\":\"ImageObject\",\"inLanguage\":\"en-US\",\"@id\":\"https:\/\/azynox.com\/en\/our-tools-grinding-brushing-polishing\/#primaryimage\",\"url\":\"https:\/\/azynox.com\/wp-content\/uploads\/2023\/03\/azynox-derouleuse.jpg\",\"contentUrl\":\"https:\/\/azynox.com\/wp-content\/uploads\/2023\/03\/azynox-derouleuse.jpg\",\"width\":2000,\"height\":566,\"caption\":\"azynox-derouleuse-inox\"},{\"@type\":\"BreadcrumbList\",\"@id\":\"https:\/\/azynox.com\/en\/our-tools-grinding-brushing-polishing\/#breadcrumb\",\"itemListElement\":[{\"@type\":\"ListItem\",\"position\":1,\"name\":\"Accueil\",\"item\":\"https:\/\/azynox.com\/en\/\"},{\"@type\":\"ListItem\",\"position\":2,\"name\":\"Our tools\"}]},{\"@type\":\"WebSite\",\"@id\":\"https:\/\/azynox.com\/en\/#website\",\"url\":\"https:\/\/azynox.com\/en\/\",\"name\":\"Azynox\",\"description\":\"Sp\u00e9cialiste ind\u00e9pendant en d\u00e9roulage et polissage de produits plats en acier inoxydable\",\"publisher\":{\"@id\":\"https:\/\/azynox.com\/en\/#organization\"},\"potentialAction\":[{\"@type\":\"SearchAction\",\"target\":{\"@type\":\"EntryPoint\",\"urlTemplate\":\"https:\/\/azynox.com\/en\/?s={search_term_string}\"},\"query-input\":{\"@type\":\"PropertyValueSpecification\",\"valueRequired\":true,\"valueName\":\"search_term_string\"}}],\"inLanguage\":\"en-US\"},{\"@type\":\"Organization\",\"@id\":\"https:\/\/azynox.com\/en\/#organization\",\"name\":\"Azynox\",\"url\":\"https:\/\/azynox.com\/en\/\",\"logo\":{\"@type\":\"ImageObject\",\"inLanguage\":\"en-US\",\"@id\":\"https:\/\/azynox.com\/en\/#\/schema\/logo\/image\/\",\"url\":\"https:\/\/azynox.com\/wp-content\/uploads\/2023\/02\/azynox-favicon.png\",\"contentUrl\":\"https:\/\/azynox.com\/wp-content\/uploads\/2023\/02\/azynox-favicon.png\",\"width\":512,\"height\":512,\"caption\":\"Azynox\"},\"image\":{\"@id\":\"https:\/\/azynox.com\/en\/#\/schema\/logo\/image\/\"}}]}<\/script>\n<!-- \/ Yoast SEO plugin. -->","yoast_head_json":{"title":"Our tools &#8226; Azynox","description":"grinding, brushing, polishing and protection capabilities: we can guarantee roughness and shine, thickness tolerances, custom polish.","robots":{"index":"index","follow":"follow","max-snippet":"max-snippet:-1","max-image-preview":"max-image-preview:large","max-video-preview":"max-video-preview:-1"},"canonical":"https:\/\/azynox.com\/en\/our-tools-grinding-brushing-polishing\/","og_locale":"en_US","og_type":"article","og_title":"Our tools &#8226; Azynox","og_description":"grinding, brushing, polishing and protection capabilities: we can guarantee roughness and shine, thickness tolerances, custom polish.","og_url":"https:\/\/azynox.com\/en\/our-tools-grinding-brushing-polishing\/","og_site_name":"Azynox","article_modified_time":"2025-11-24T15:01:17+00:00","og_image":[{"width":2000,"height":566,"url":"https:\/\/azynox.com\/wp-content\/uploads\/2023\/03\/azynox-derouleuse.jpg","type":"image\/jpeg"}],"twitter_card":"summary_large_image","twitter_misc":{"Est. reading time":"2 minutes"},"schema":{"@context":"https:\/\/schema.org","@graph":[{"@type":"WebPage","@id":"https:\/\/azynox.com\/en\/our-tools-grinding-brushing-polishing\/","url":"https:\/\/azynox.com\/en\/our-tools-grinding-brushing-polishing\/","name":"Our tools &#8226; Azynox","isPartOf":{"@id":"https:\/\/azynox.com\/en\/#website"},"primaryImageOfPage":{"@id":"https:\/\/azynox.com\/en\/our-tools-grinding-brushing-polishing\/#primaryimage"},"image":{"@id":"https:\/\/azynox.com\/en\/our-tools-grinding-brushing-polishing\/#primaryimage"},"thumbnailUrl":"https:\/\/azynox.com\/wp-content\/uploads\/2023\/03\/azynox-derouleuse.jpg","datePublished":"2023-03-22T08:46:15+00:00","dateModified":"2025-11-24T15:01:17+00:00","description":"grinding, brushing, polishing and protection capabilities: we can guarantee roughness and shine, thickness tolerances, custom polish.","breadcrumb":{"@id":"https:\/\/azynox.com\/en\/our-tools-grinding-brushing-polishing\/#breadcrumb"},"inLanguage":"en-US","potentialAction":[{"@type":"ReadAction","target":["https:\/\/azynox.com\/en\/our-tools-grinding-brushing-polishing\/"]}]},{"@type":"ImageObject","inLanguage":"en-US","@id":"https:\/\/azynox.com\/en\/our-tools-grinding-brushing-polishing\/#primaryimage","url":"https:\/\/azynox.com\/wp-content\/uploads\/2023\/03\/azynox-derouleuse.jpg","contentUrl":"https:\/\/azynox.com\/wp-content\/uploads\/2023\/03\/azynox-derouleuse.jpg","width":2000,"height":566,"caption":"azynox-derouleuse-inox"},{"@type":"BreadcrumbList","@id":"https:\/\/azynox.com\/en\/our-tools-grinding-brushing-polishing\/#breadcrumb","itemListElement":[{"@type":"ListItem","position":1,"name":"Accueil","item":"https:\/\/azynox.com\/en\/"},{"@type":"ListItem","position":2,"name":"Our tools"}]},{"@type":"WebSite","@id":"https:\/\/azynox.com\/en\/#website","url":"https:\/\/azynox.com\/en\/","name":"Azynox","description":"Sp\u00e9cialiste ind\u00e9pendant en d\u00e9roulage et polissage de produits plats en acier inoxydable","publisher":{"@id":"https:\/\/azynox.com\/en\/#organization"},"potentialAction":[{"@type":"SearchAction","target":{"@type":"EntryPoint","urlTemplate":"https:\/\/azynox.com\/en\/?s={search_term_string}"},"query-input":{"@type":"PropertyValueSpecification","valueRequired":true,"valueName":"search_term_string"}}],"inLanguage":"en-US"},{"@type":"Organization","@id":"https:\/\/azynox.com\/en\/#organization","name":"Azynox","url":"https:\/\/azynox.com\/en\/","logo":{"@type":"ImageObject","inLanguage":"en-US","@id":"https:\/\/azynox.com\/en\/#\/schema\/logo\/image\/","url":"https:\/\/azynox.com\/wp-content\/uploads\/2023\/02\/azynox-favicon.png","contentUrl":"https:\/\/azynox.com\/wp-content\/uploads\/2023\/02\/azynox-favicon.png","width":512,"height":512,"caption":"Azynox"},"image":{"@id":"https:\/\/azynox.com\/en\/#\/schema\/logo\/image\/"}}]}},"_links":{"self":[{"href":"https:\/\/azynox.com\/en\/wp-json\/wp\/v2\/pages\/586","targetHints":{"allow":["GET"]}}],"collection":[{"href":"https:\/\/azynox.com\/en\/wp-json\/wp\/v2\/pages"}],"about":[{"href":"https:\/\/azynox.com\/en\/wp-json\/wp\/v2\/types\/page"}],"author":[{"embeddable":true,"href":"https:\/\/azynox.com\/en\/wp-json\/wp\/v2\/users\/1"}],"replies":[{"embeddable":true,"href":"https:\/\/azynox.com\/en\/wp-json\/wp\/v2\/comments?post=586"}],"version-history":[{"count":9,"href":"https:\/\/azynox.com\/en\/wp-json\/wp\/v2\/pages\/586\/revisions"}],"predecessor-version":[{"id":745,"href":"https:\/\/azynox.com\/en\/wp-json\/wp\/v2\/pages\/586\/revisions\/745"}],"wp:featuredmedia":[{"embeddable":true,"href":"https:\/\/azynox.com\/en\/wp-json\/wp\/v2\/media\/555"}],"wp:attachment":[{"href":"https:\/\/azynox.com\/en\/wp-json\/wp\/v2\/media?parent=586"}],"curies":[{"name":"wp","href":"https:\/\/api.w.org\/{rel}","templated":true}]}}