{"id":606,"date":"2023-03-22T12:01:50","date_gmt":"2023-03-22T11:01:50","guid":{"rendered":"https:\/\/azynox.com\/mentions-legales\/"},"modified":"2023-05-18T20:35:17","modified_gmt":"2023-05-18T18:35:17","slug":"legal-notice","status":"publish","type":"page","link":"https:\/\/azynox.com\/en\/legal-notice\/","title":{"rendered":"Legal notice"},"content":{"rendered":"<p>[et_pb_section fb_built=&#8221;1&#8243; _builder_version=&#8221;4.20.2&#8243; _module_preset=&#8221;default&#8221; background_color=&#8221;#ffffff&#8221; background_enable_image=&#8221;off&#8221; background_size=&#8221;initial&#8221; background_position=&#8221;top_left&#8221; background_repeat=&#8221;repeat&#8221; custom_margin=&#8221;||||false|false&#8221; custom_padding=&#8221;0px||0px||false|false&#8221; global_colors_info=&#8221;{}&#8221;][et_pb_row column_structure=&#8221;1_2,1_2&#8243; use_custom_gutter=&#8221;on&#8221; gutter_width=&#8221;1&#8243; _builder_version=&#8221;4.20.2&#8243; background_color=&#8221;#FFFFFF&#8221; custom_margin=&#8221;||||false|false&#8221; custom_padding=&#8221;0px||0px||false|false&#8221; locked=&#8221;off&#8221; global_colors_info=&#8221;{}&#8221;][et_pb_column type=&#8221;1_2&#8243; _builder_version=&#8221;4.20.2&#8243; custom_padding=&#8221;|20px||20px|false|true&#8221; global_colors_info=&#8221;{}&#8221; custom_padding__hover=&#8221;|||&#8221;][et_pb_post_title meta=&#8221;off&#8221; featured_image=&#8221;off&#8221; _builder_version=&#8221;4.20.2&#8243; _module_preset=&#8221;default&#8221; title_font_size=&#8221;48px&#8221; background_color=&#8221;#97BF0D&#8221; custom_margin=&#8221;|-20px||-20px|false|false&#8221; custom_padding=&#8221;24px|55px|20px|55px|false|true&#8221; title_font_size_tablet=&#8221;48px&#8221; title_font_size_phone=&#8221;45px&#8221; title_font_size_last_edited=&#8221;on|phone&#8221; locked=&#8221;off&#8221; global_colors_info=&#8221;{}&#8221;][\/et_pb_post_title][\/et_pb_column][et_pb_column type=&#8221;1_2&#8243; _builder_version=&#8221;4.20.2&#8243; custom_padding=&#8221;|||&#8221; global_colors_info=&#8221;{}&#8221; custom_padding__hover=&#8221;|||&#8221;][\/et_pb_column][\/et_pb_row][et_pb_row _builder_version=&#8221;4.20.2&#8243; _module_preset=&#8221;default&#8221; background_color=&#8221;#FFFFFF&#8221; global_colors_info=&#8221;{}&#8221;][et_pb_column type=&#8221;4_4&#8243; _builder_version=&#8221;4.20.2&#8243; _module_preset=&#8221;default&#8221; global_colors_info=&#8221;{}&#8221;][et_pb_text _builder_version=&#8221;4.20.2&#8243; text_font=&#8221;|300|||||||&#8221; text_line_height=&#8221;1.6em&#8221; header_font=&#8221;||||||||&#8221; header_2_font=&#8221;|700||on|||||&#8221; header_2_font_size=&#8221;24px&#8221; header_3_font=&#8221;|800|||||||&#8221; header_3_text_color=&#8221;#f25b3a&#8221; header_3_font_size=&#8221;24px&#8221; header_3_line_height=&#8221;1.8em&#8221; custom_padding=&#8221;|35px||45px|false|false&#8221; header_3_font_size_tablet=&#8221;&#8221; header_3_font_size_phone=&#8221;18px&#8221; header_3_font_size_last_edited=&#8221;on|phone&#8221; locked=&#8221;off&#8221; global_colors_info=&#8221;{}&#8221;]<\/p>\n<p><strong><img loading=\"lazy\" decoding=\"async\" src=\"https:\/\/azynox.com\/wp-content\/uploads\/2023\/03\/picto-azynox-vert.png\" width=\"29\" height=\"27\" alt=\"\" class=\"wp-image-400 alignnone size-full\" \/><\/strong><\/p>\n<h2><\/h2>\n<p>Azynox<br \/>3 all\u00e9e Marius Berliet<br \/>37320 Esvres-sur-Indre<br \/>France<br \/><span lang=\"en-GB\">02 47 34 64 64<br \/><a href=\"mailto:azynox@e-nox-service.com\" target=\"_top\" rel=\"noopener\">azynox@e-nox-service.com<\/a><\/span><\/p>\n<p><span lang=\"en-GB\"><strong>Director of publication:<\/strong><span>\u00a0<\/span>Jean-Luc Garnier<\/span><\/p>\n<p>SAS with a capital of \u20ac\u00a02\u00a0163\u00a0070<br \/>Siren 622\u00a0040 038<br \/><span>VAT number<\/span> FR\u00a079\u00a0622\u00a0040\u00a0038<\/p>\n<p>&nbsp;<\/p>\n<p><strong>INTELLECTUAL PROPERTY &amp; COPYRIGHT<br \/><\/strong><span>This website represents work protected in France by the Intellectual Property Code, and abroad by the international conventions in force on copyright.<\/span><br \/><span>Any reproduction, in whole or in part, of this website or of one or more of its components, by any process whatsoever, without the express authorisation of its creator, is prohibited and constitutes an infringement punishable by articles L.335-2 et seq. of the Intellectual Property Code.<\/span><\/p>\n<p><strong>HYPERTEXT LINKS<br \/><\/strong>No page can be presented as coming from this site if changes have been made to its meaning. The director of publication of the site is not responsible for the possible insertion of links to this site in sites deemed illegal or with shocking content (pornography, incitement to racial hatred, promotion of cults, computer hacking, etc.).<\/p>\n<p>The hypertext links established to other sites from \u201cazynox.com\u201d cannot, under any circumstances, engage the responsibility of their author.<\/p>\n<p><strong>HOSTING<br \/><\/strong>OVH<br \/>2 rue Kellermann<br \/>59100 Roubaix \u2013 France<br \/>09 72 10 10 07<strong><br \/><\/strong><\/p>\n<p>[\/et_pb_text][\/et_pb_column][\/et_pb_row][\/et_pb_section][et_pb_section fb_built=&#8221;1&#8243; _builder_version=&#8221;4.20.4&#8243; background_color=&#8221;#FFFFFF&#8221; custom_padding=&#8221;0px|0px|0px|0px|true|false&#8221; animation_style=&#8221;slide&#8221; animation_direction=&#8221;bottom&#8221; animation_intensity_slide=&#8221;20%&#8221; hover_enabled=&#8221;0&#8243; border_width_top=&#8221;1px&#8221; border_color_top=&#8221;#C9CBCC&#8221; global_module=&#8221;620&#8243; saved_tabs=&#8221;all&#8221; locked=&#8221;on&#8221; global_colors_info=&#8221;{}&#8221; sticky_enabled=&#8221;0&#8243;][et_pb_row _builder_version=&#8221;4.20.2&#8243; custom_padding=&#8221;0px||||false|false&#8221; global_colors_info=&#8221;{}&#8221;][et_pb_column type=&#8221;4_4&#8243; _builder_version=&#8221;4.16&#8243; custom_padding=&#8221;|||&#8221; global_colors_info=&#8221;{}&#8221; custom_padding__hover=&#8221;|||&#8221;][et_pb_menu menu_id=&#8221;4&#8243; menu_style=&#8221;centered&#8221; active_link_color=&#8221;#97BF0D&#8221; disabled_on=&#8221;on|on|off&#8221; admin_label=&#8221;Menu desktop&#8221; _builder_version=&#8221;4.20.4&#8243; _module_preset=&#8221;default&#8221; global_colors_info=&#8221;{}&#8221;][\/et_pb_menu][\/et_pb_column][\/et_pb_row][et_pb_row disabled_on=&#8221;off|off|on&#8221; _builder_version=&#8221;4.20.2&#8243; custom_padding=&#8221;0px||||false|false&#8221; global_colors_info=&#8221;{}&#8221;][et_pb_column type=&#8221;4_4&#8243; _builder_version=&#8221;4.16&#8243; custom_padding=&#8221;|||&#8221; global_colors_info=&#8221;{}&#8221; custom_padding__hover=&#8221;|||&#8221;][et_pb_text disabled_on=&#8221;off|off|off&#8221; admin_label=&#8221;Menu tablettes \/ mobiles&#8221; _builder_version=&#8221;4.20.4&#8243; _module_preset=&#8221;default&#8221; link_text_color=&#8221;#76767A&#8221; link_font_size=&#8221;14px&#8221; global_colors_info=&#8221;{}&#8221;]<\/p>\n<p style=\"text-align: center;\"><a href=\"https:\/\/azynox.com\/en\/copyrights\/\">Copyrights<\/a><\/p>\n<p style=\"text-align: center;\"><a href=\"https:\/\/azynox.com\/en\/legal-notice\/\">Legal notice<\/a><\/p>\n<p style=\"text-align: center;\"><a href=\"https:\/\/azynox.com\/en\/privacy-policy\/\">Privacy policy<\/a><\/p>\n<p style=\"text-align: center;\"><a href=\"https:\/\/azynox.com\/en\/contact\/\">Contact<\/a><\/p>\n<p>[\/et_pb_text][\/et_pb_column][\/et_pb_row][\/et_pb_section]<\/p>\n","protected":false},"excerpt":{"rendered":"<p>Azynox3 all\u00e9e Marius Berliet37320 Esvres-sur-IndreFrance02 47 34 64 64azynox@e-nox-service.com Director of publication:\u00a0Jean-Luc Garnier SAS with a capital of \u20ac\u00a02\u00a0163\u00a0070Siren 622\u00a0040 038VAT number FR\u00a079\u00a0622\u00a0040\u00a0038 &nbsp; INTELLECTUAL PROPERTY &amp; COPYRIGHTThis website represents work protected in France by the Intellectual Property Code, and abroad by the international conventions in force on copyright.Any reproduction, in whole or in part, [&hellip;]<\/p>\n","protected":false},"author":1,"featured_media":0,"parent":0,"menu_order":0,"comment_status":"closed","ping_status":"closed","template":"","meta":{"_et_pb_use_builder":"on","_et_pb_old_content":"","_et_gb_content_width":"","footnotes":""},"class_list":["post-606","page","type-page","status-publish","hentry"],"yoast_head":"<!-- This site is optimized with the Yoast SEO plugin v25.3.1 - https:\/\/yoast.com\/wordpress\/plugins\/seo\/ -->\n<title>Legal notice &#8226; Azynox<\/title>\n<meta name=\"robots\" content=\"noindex, follow\" \/>\n<meta property=\"og:locale\" content=\"en_US\" \/>\n<meta property=\"og:type\" content=\"article\" \/>\n<meta property=\"og:title\" content=\"Legal notice &#8226; Azynox\" \/>\n<meta property=\"og:description\" content=\"Azynox3 all\u00e9e Marius Berliet37320 Esvres-sur-IndreFrance02 47 34 64 64azynox@e-nox-service.com Director of publication:\u00a0Jean-Luc Garnier SAS with a capital of \u20ac\u00a02\u00a0163\u00a0070Siren 622\u00a0040 038VAT number FR\u00a079\u00a0622\u00a0040\u00a0038 &nbsp; INTELLECTUAL PROPERTY &amp; COPYRIGHTThis website represents work protected in France by the Intellectual Property Code, and abroad by the international conventions in force on copyright.Any reproduction, in whole or in part, [&hellip;]\" \/>\n<meta property=\"og:url\" content=\"https:\/\/azynox.com\/en\/legal-notice\/\" \/>\n<meta property=\"og:site_name\" content=\"Azynox\" \/>\n<meta property=\"article:modified_time\" content=\"2023-05-18T18:35:17+00:00\" \/>\n<meta property=\"og:image\" content=\"https:\/\/azynox.com\/wp-content\/uploads\/2023\/03\/picto-azynox-vert.png\" \/>\n<meta name=\"twitter:card\" content=\"summary_large_image\" \/>\n<meta name=\"twitter:label1\" content=\"Est. reading time\" \/>\n\t<meta name=\"twitter:data1\" content=\"2 minutes\" \/>\n<script type=\"application\/ld+json\" class=\"yoast-schema-graph\">{\"@context\":\"https:\/\/schema.org\",\"@graph\":[{\"@type\":\"WebPage\",\"@id\":\"https:\/\/azynox.com\/en\/legal-notice\/\",\"url\":\"https:\/\/azynox.com\/en\/legal-notice\/\",\"name\":\"Legal notice &#8226; Azynox\",\"isPartOf\":{\"@id\":\"https:\/\/azynox.com\/en\/#website\"},\"primaryImageOfPage\":{\"@id\":\"https:\/\/azynox.com\/en\/legal-notice\/#primaryimage\"},\"image\":{\"@id\":\"https:\/\/azynox.com\/en\/legal-notice\/#primaryimage\"},\"thumbnailUrl\":\"https:\/\/azynox.com\/wp-content\/uploads\/2023\/03\/picto-azynox-vert.png\",\"datePublished\":\"2023-03-22T11:01:50+00:00\",\"dateModified\":\"2023-05-18T18:35:17+00:00\",\"breadcrumb\":{\"@id\":\"https:\/\/azynox.com\/en\/legal-notice\/#breadcrumb\"},\"inLanguage\":\"en-US\",\"potentialAction\":[{\"@type\":\"ReadAction\",\"target\":[\"https:\/\/azynox.com\/en\/legal-notice\/\"]}]},{\"@type\":\"ImageObject\",\"inLanguage\":\"en-US\",\"@id\":\"https:\/\/azynox.com\/en\/legal-notice\/#primaryimage\",\"url\":\"https:\/\/azynox.com\/wp-content\/uploads\/2023\/03\/picto-azynox-vert.png\",\"contentUrl\":\"https:\/\/azynox.com\/wp-content\/uploads\/2023\/03\/picto-azynox-vert.png\"},{\"@type\":\"BreadcrumbList\",\"@id\":\"https:\/\/azynox.com\/en\/legal-notice\/#breadcrumb\",\"itemListElement\":[{\"@type\":\"ListItem\",\"position\":1,\"name\":\"Accueil\",\"item\":\"https:\/\/azynox.com\/en\/\"},{\"@type\":\"ListItem\",\"position\":2,\"name\":\"Legal notice\"}]},{\"@type\":\"WebSite\",\"@id\":\"https:\/\/azynox.com\/en\/#website\",\"url\":\"https:\/\/azynox.com\/en\/\",\"name\":\"Azynox\",\"description\":\"Sp\u00e9cialiste ind\u00e9pendant en d\u00e9roulage et polissage de produits plats en acier inoxydable\",\"publisher\":{\"@id\":\"https:\/\/azynox.com\/en\/#organization\"},\"potentialAction\":[{\"@type\":\"SearchAction\",\"target\":{\"@type\":\"EntryPoint\",\"urlTemplate\":\"https:\/\/azynox.com\/en\/?s={search_term_string}\"},\"query-input\":{\"@type\":\"PropertyValueSpecification\",\"valueRequired\":true,\"valueName\":\"search_term_string\"}}],\"inLanguage\":\"en-US\"},{\"@type\":\"Organization\",\"@id\":\"https:\/\/azynox.com\/en\/#organization\",\"name\":\"Azynox\",\"url\":\"https:\/\/azynox.com\/en\/\",\"logo\":{\"@type\":\"ImageObject\",\"inLanguage\":\"en-US\",\"@id\":\"https:\/\/azynox.com\/en\/#\/schema\/logo\/image\/\",\"url\":\"https:\/\/azynox.com\/wp-content\/uploads\/2023\/02\/azynox-favicon.png\",\"contentUrl\":\"https:\/\/azynox.com\/wp-content\/uploads\/2023\/02\/azynox-favicon.png\",\"width\":512,\"height\":512,\"caption\":\"Azynox\"},\"image\":{\"@id\":\"https:\/\/azynox.com\/en\/#\/schema\/logo\/image\/\"}}]}<\/script>\n<!-- \/ Yoast SEO plugin. -->","yoast_head_json":{"title":"Legal notice &#8226; Azynox","robots":{"index":"noindex","follow":"follow"},"og_locale":"en_US","og_type":"article","og_title":"Legal notice &#8226; Azynox","og_description":"Azynox3 all\u00e9e Marius Berliet37320 Esvres-sur-IndreFrance02 47 34 64 64azynox@e-nox-service.com Director of publication:\u00a0Jean-Luc Garnier SAS with a capital of \u20ac\u00a02\u00a0163\u00a0070Siren 622\u00a0040 038VAT number FR\u00a079\u00a0622\u00a0040\u00a0038 &nbsp; INTELLECTUAL PROPERTY &amp; COPYRIGHTThis website represents work protected in France by the Intellectual Property Code, and abroad by the international conventions in force on copyright.Any reproduction, in whole or in part, [&hellip;]","og_url":"https:\/\/azynox.com\/en\/legal-notice\/","og_site_name":"Azynox","article_modified_time":"2023-05-18T18:35:17+00:00","og_image":[{"url":"https:\/\/azynox.com\/wp-content\/uploads\/2023\/03\/picto-azynox-vert.png","type":"","width":"","height":""}],"twitter_card":"summary_large_image","twitter_misc":{"Est. reading time":"2 minutes"},"schema":{"@context":"https:\/\/schema.org","@graph":[{"@type":"WebPage","@id":"https:\/\/azynox.com\/en\/legal-notice\/","url":"https:\/\/azynox.com\/en\/legal-notice\/","name":"Legal notice &#8226; Azynox","isPartOf":{"@id":"https:\/\/azynox.com\/en\/#website"},"primaryImageOfPage":{"@id":"https:\/\/azynox.com\/en\/legal-notice\/#primaryimage"},"image":{"@id":"https:\/\/azynox.com\/en\/legal-notice\/#primaryimage"},"thumbnailUrl":"https:\/\/azynox.com\/wp-content\/uploads\/2023\/03\/picto-azynox-vert.png","datePublished":"2023-03-22T11:01:50+00:00","dateModified":"2023-05-18T18:35:17+00:00","breadcrumb":{"@id":"https:\/\/azynox.com\/en\/legal-notice\/#breadcrumb"},"inLanguage":"en-US","potentialAction":[{"@type":"ReadAction","target":["https:\/\/azynox.com\/en\/legal-notice\/"]}]},{"@type":"ImageObject","inLanguage":"en-US","@id":"https:\/\/azynox.com\/en\/legal-notice\/#primaryimage","url":"https:\/\/azynox.com\/wp-content\/uploads\/2023\/03\/picto-azynox-vert.png","contentUrl":"https:\/\/azynox.com\/wp-content\/uploads\/2023\/03\/picto-azynox-vert.png"},{"@type":"BreadcrumbList","@id":"https:\/\/azynox.com\/en\/legal-notice\/#breadcrumb","itemListElement":[{"@type":"ListItem","position":1,"name":"Accueil","item":"https:\/\/azynox.com\/en\/"},{"@type":"ListItem","position":2,"name":"Legal notice"}]},{"@type":"WebSite","@id":"https:\/\/azynox.com\/en\/#website","url":"https:\/\/azynox.com\/en\/","name":"Azynox","description":"Sp\u00e9cialiste ind\u00e9pendant en d\u00e9roulage et polissage de produits plats en acier inoxydable","publisher":{"@id":"https:\/\/azynox.com\/en\/#organization"},"potentialAction":[{"@type":"SearchAction","target":{"@type":"EntryPoint","urlTemplate":"https:\/\/azynox.com\/en\/?s={search_term_string}"},"query-input":{"@type":"PropertyValueSpecification","valueRequired":true,"valueName":"search_term_string"}}],"inLanguage":"en-US"},{"@type":"Organization","@id":"https:\/\/azynox.com\/en\/#organization","name":"Azynox","url":"https:\/\/azynox.com\/en\/","logo":{"@type":"ImageObject","inLanguage":"en-US","@id":"https:\/\/azynox.com\/en\/#\/schema\/logo\/image\/","url":"https:\/\/azynox.com\/wp-content\/uploads\/2023\/02\/azynox-favicon.png","contentUrl":"https:\/\/azynox.com\/wp-content\/uploads\/2023\/02\/azynox-favicon.png","width":512,"height":512,"caption":"Azynox"},"image":{"@id":"https:\/\/azynox.com\/en\/#\/schema\/logo\/image\/"}}]}},"_links":{"self":[{"href":"https:\/\/azynox.com\/en\/wp-json\/wp\/v2\/pages\/606","targetHints":{"allow":["GET"]}}],"collection":[{"href":"https:\/\/azynox.com\/en\/wp-json\/wp\/v2\/pages"}],"about":[{"href":"https:\/\/azynox.com\/en\/wp-json\/wp\/v2\/types\/page"}],"author":[{"embeddable":true,"href":"https:\/\/azynox.com\/en\/wp-json\/wp\/v2\/users\/1"}],"replies":[{"embeddable":true,"href":"https:\/\/azynox.com\/en\/wp-json\/wp\/v2\/comments?post=606"}],"version-history":[{"count":9,"href":"https:\/\/azynox.com\/en\/wp-json\/wp\/v2\/pages\/606\/revisions"}],"predecessor-version":[{"id":694,"href":"https:\/\/azynox.com\/en\/wp-json\/wp\/v2\/pages\/606\/revisions\/694"}],"wp:attachment":[{"href":"https:\/\/azynox.com\/en\/wp-json\/wp\/v2\/media?parent=606"}],"curies":[{"name":"wp","href":"https:\/\/api.w.org\/{rel}","templated":true}]}}